{"id":8025,"date":"2026-01-22T15:27:28","date_gmt":"2026-01-22T15:27:28","guid":{"rendered":"https:\/\/ai-grid.org\/?page_id=8025"},"modified":"2026-01-26T15:11:53","modified_gmt":"2026-01-26T15:11:53","slug":"testseite_","status":"publish","type":"page","link":"https:\/\/ai-grid.org\/en\/testseite_\/","title":{"rendered":"testseite_"},"content":{"rendered":"<div data-elementor-type=\"wp-page\" data-elementor-id=\"8025\" class=\"elementor elementor-8025\" data-elementor-post-type=\"page\">\n\t\t\t\t<div class=\"elementor-element elementor-element-bf8faac e-flex e-con-boxed e-con e-parent\" data-id=\"bf8faac\" data-element_type=\"container\" data-e-type=\"container\" data-settings=\"{&quot;background_background&quot;:&quot;classic&quot;,&quot;jet_parallax_layout_list&quot;:[]}\">\n\t\t\t\t\t<div class=\"e-con-inner\">\n\t\t\t\t\t<\/div>\n\t\t\t\t<\/div>\n\t\t<div class=\"elementor-element elementor-element-b927035 e-flex e-con-boxed e-con e-parent\" data-id=\"b927035\" data-element_type=\"container\" data-e-type=\"container\" data-settings=\"{&quot;jet_parallax_layout_list&quot;:[]}\">\n\t\t\t\t\t<div class=\"e-con-inner\">\n\t\t\t\t<div class=\"elementor-element elementor-element-03bc438 elementor-widget elementor-widget-heading\" data-id=\"03bc438\" data-element_type=\"widget\" data-e-type=\"widget\" data-widget_type=\"heading.default\">\n\t\t\t\t<div class=\"elementor-widget-container\">\n\t\t\t\t\t<h2 class=\"elementor-heading-title elementor-size-default\">AI Grid Members<\/h2>\t\t\t\t<\/div>\n\t\t\t\t<\/div>\n\t\t\t\t<div class=\"elementor-element elementor-element-20eda45 elementor-widget elementor-widget-text-editor\" data-id=\"20eda45\" data-element_type=\"widget\" data-e-type=\"widget\" data-widget_type=\"text-editor.default\">\n\t\t\t\t<div class=\"elementor-widget-container\">\n\t\t\t\t\t\t\t\t\t<p>Der Community-Bereich f\u00fcr aktive AI Grid Mitglieder: Informieren, vernetzen, austauschen und an exklusiven Formaten teilnehmen.<\/p>\t\t\t\t\t\t\t\t<\/div>\n\t\t\t\t<\/div>\n\t\t\t\t<div class=\"elementor-element elementor-element-9e96196 elementor-mobile-align-justify elementor-widget-mobile__width-inherit elementor-align-right elementor-widget elementor-widget-button\" data-id=\"9e96196\" data-element_type=\"widget\" data-e-type=\"widget\" data-widget_type=\"button.default\">\n\t\t\t\t<div class=\"elementor-widget-container\">\n\t\t\t\t\t\t\t\t\t<div class=\"elementor-button-wrapper\">\n\t\t\t\t\t<a class=\"elementor-button elementor-button-link elementor-size-sm elementor-animation-bob\" href=\"https:\/\/community.ai-grid.org\/Login.aspx?ReturnUrl=%2fLogin\" target=\"_blank\">\n\t\t\t\t\t\t<span class=\"elementor-button-content-wrapper\">\n\t\t\t\t\t\t\t\t\t<span class=\"elementor-button-text\">Log in now!<\/span>\n\t\t\t\t\t<\/span>\n\t\t\t\t\t<\/a>\n\t\t\t\t<\/div>\n\t\t\t\t\t\t\t\t<\/div>\n\t\t\t\t<\/div>\n\t\t\t\t<div class=\"elementor-element elementor-element-a2169f8 elementor-invisible elementor-widget elementor-widget-image-box\" data-id=\"a2169f8\" data-element_type=\"widget\" data-e-type=\"widget\" data-settings=\"{&quot;_animation&quot;:&quot;fadeInDown&quot;}\" data-widget_type=\"image-box.default\">\n\t\t\t\t<div class=\"elementor-widget-container\">\n\t\t\t\t\t<div class=\"elementor-image-box-wrapper\"><div class=\"elementor-image-box-content\"><h2 class=\"elementor-image-box-title\">Welcome to AI Grid: Use our network and boost your AI career<\/h2><\/div><\/div>\t\t\t\t<\/div>\n\t\t\t\t<\/div>\n\t\t<div class=\"elementor-element elementor-element-dcc5080 e-con-full e-flex e-con e-child\" data-id=\"dcc5080\" data-element_type=\"container\" data-e-type=\"container\" data-settings=\"{&quot;jet_parallax_layout_list&quot;:[]}\">\n\t\t<div class=\"elementor-element elementor-element-0107f8f e-con-full e-flex e-con e-child\" data-id=\"0107f8f\" data-element_type=\"container\" data-e-type=\"container\" data-settings=\"{&quot;jet_parallax_layout_list&quot;:[],&quot;background_background&quot;:&quot;classic&quot;}\">\n\t\t<div class=\"elementor-element elementor-element-54a7c1e e-con-full e-flex e-con e-child\" data-id=\"54a7c1e\" data-element_type=\"container\" data-e-type=\"container\" data-settings=\"{&quot;jet_parallax_layout_list&quot;:[]}\">\n\t\t\t\t<div class=\"elementor-element elementor-element-8ab339b elementor-widget elementor-widget-text-editor\" data-id=\"8ab339b\" data-element_type=\"widget\" data-e-type=\"widget\" data-widget_type=\"text-editor.default\">\n\t\t\t\t<div class=\"elementor-widget-container\">\n\t\t\t\t\t\t\t\t\t<p><strong>Great that you are part of our AI Grid Community. We look forward to supporting you in your AI research for 24 months. The <a href=\"https:\/\/community.ai-grid.org\/Login.aspx?ReturnUrl=%2fLogin\" target=\"_blank\" rel=\"noopener\"><span style=\"text-decoration: underline;\"><span style=\"color: #808080; text-decoration: underline;\">Community-Login<\/span><\/span><\/a> gives you access to our community platform. <\/strong><\/p><p><strong>On our website you can find out about the various <span style=\"text-decoration: underline;\"><span style=\"color: #808080; text-decoration: underline;\"><a style=\"color: #808080; text-decoration: underline;\" href=\"https:\/\/ai-grid.org\/en\/micro-focus-groups\/\" target=\"_blank\" rel=\"noopener\">research groups<\/a><\/span><\/span>, the <span style=\"text-decoration: underline;\"><a href=\"https:\/\/ai-grid.org\/en\/mentorinnen\/\" target=\"_blank\" rel=\"noopener\">pool of experts<\/a><\/span>, <span style=\"text-decoration: underline;\"><span style=\"color: #808080; text-decoration: underline;\"><a style=\"color: #808080; text-decoration: underline;\" href=\"https:\/\/ai-grid.org\/en\/events\/\" target=\"_blank\" rel=\"noopener\">past events<\/a><\/span><\/span>, <a href=\"https:\/\/ai-grid.org\/en\/presseberichte\/\" target=\"_blank\" rel=\"noopener\"><span style=\"text-decoration: underline;\"><span style=\"color: #808080; text-decoration: underline;\">Publications in the Media<\/span><\/span><\/a> and the <span style=\"text-decoration: underline;\"><span style=\"color: #808080; text-decoration: underline;\"><a style=\"color: #808080; text-decoration: underline;\" href=\"https:\/\/ai-grid.org\/en\/about\/\" target=\"_blank\" rel=\"noopener\">AI Grid project team<\/a><\/span><\/span> .<\/strong><\/p>\t\t\t\t\t\t\t\t<\/div>\n\t\t\t\t<\/div>\n\t\t\t\t<div class=\"elementor-element elementor-element-72a3735 elementor-mobile-align-justify elementor-widget-mobile__width-inherit elementor-align-center elementor-widget elementor-widget-button\" data-id=\"72a3735\" data-element_type=\"widget\" data-e-type=\"widget\" data-widget_type=\"button.default\">\n\t\t\t\t<div class=\"elementor-widget-container\">\n\t\t\t\t\t\t\t\t\t<div class=\"elementor-button-wrapper\">\n\t\t\t\t\t<a class=\"elementor-button elementor-button-link elementor-size-sm elementor-animation-bob\" href=\"https:\/\/ai-grid.org\/en\/fur-studierende\/\" target=\"_blank\">\n\t\t\t\t\t\t<span class=\"elementor-button-content-wrapper\">\n\t\t\t\t\t\t\t\t\t<span class=\"elementor-button-text\">Not a member yet? Apply now!<\/span>\n\t\t\t\t\t<\/span>\n\t\t\t\t\t<\/a>\n\t\t\t\t<\/div>\n\t\t\t\t\t\t\t\t<\/div>\n\t\t\t\t<\/div>\n\t\t\t\t<\/div>\n\t\t<div class=\"elementor-element elementor-element-eebcea2 e-con-full e-flex e-con e-child\" data-id=\"eebcea2\" data-element_type=\"container\" data-e-type=\"container\" data-settings=\"{&quot;jet_parallax_layout_list&quot;:[]}\">\n\t\t\t\t<div class=\"elementor-element elementor-element-ef9e22e elementor-widget elementor-widget-text-editor\" data-id=\"ef9e22e\" data-element_type=\"widget\" data-e-type=\"widget\" data-widget_type=\"text-editor.default\">\n\t\t\t\t<div class=\"elementor-widget-container\">\n\t\t\t\t\t\t\t\t\t<p><strong>Contact options as an AI Grid Member:<\/strong><\/p>\t\t\t\t\t\t\t\t<\/div>\n\t\t\t\t<\/div>\n\t\t\t\t<div class=\"elementor-element elementor-element-b8ea3d7 elementor-widget elementor-widget-text-editor\" data-id=\"b8ea3d7\" data-element_type=\"widget\" data-e-type=\"widget\" data-widget_type=\"text-editor.default\">\n\t\t\t\t<div class=\"elementor-widget-container\">\n\t\t\t\t\t\t\t\t\t<p class=\"translation-block\">Our community platform gives you access to all the profiles of our network members. Here you can view all Micro Focus Groups and join relevant groups. You can also make initial contact via the profiles of our mentors and, after successful pairing, receive support for specific problems. The profiles of our ambassadors can also be used to establish contacts in the respective countries.<\/p><p>We use Slack for active communication within our community. As an AI Grid member, you have access to the channels of your Micro Focus Groups, for example, but you can also communicate with all our members via direct message. You can also view upcoming exclusive events, recommendations for scientific papers or research &amp; postdoc job offers here. Use Slack to network with peers and engage in direct, uncomplicated exchange with our mentors.<\/p>\t\t\t\t\t\t\t\t<\/div>\n\t\t\t\t<\/div>\n\t\t\t\t<\/div>\n\t\t\t\t<\/div>\n\t\t<div class=\"elementor-element elementor-element-cc59333 e-con-full e-flex e-con e-child\" data-id=\"cc59333\" data-element_type=\"container\" data-e-type=\"container\" data-settings=\"{&quot;jet_parallax_layout_list&quot;:[],&quot;background_background&quot;:&quot;classic&quot;}\">\n\t\t<div class=\"elementor-element elementor-element-aa52ebb e-con-full e-flex e-con e-child\" data-id=\"aa52ebb\" data-element_type=\"container\" data-e-type=\"container\" data-settings=\"{&quot;jet_parallax_layout_list&quot;:[]}\">\n\t\t\t\t<div class=\"elementor-element elementor-element-c286c74 elementor-widget elementor-widget-image\" data-id=\"c286c74\" data-element_type=\"widget\" data-e-type=\"widget\" data-widget_type=\"image.default\">\n\t\t\t\t<div class=\"elementor-widget-container\">\n\t\t\t\t\t\t\t\t\t\t\t\t\t\t\t<img fetchpriority=\"high\" decoding=\"async\" width=\"800\" height=\"534\" src=\"https:\/\/ai-grid.org\/wp-content\/uploads\/2024\/11\/1731582718335-1024x683.jpeg\" class=\"attachment-large size-large wp-image-5323\" alt=\"\" srcset=\"https:\/\/ai-grid.org\/wp-content\/uploads\/2024\/11\/1731582718335-1024x683.jpeg 1024w, https:\/\/ai-grid.org\/wp-content\/uploads\/2024\/11\/1731582718335-300x200.jpeg 300w, https:\/\/ai-grid.org\/wp-content\/uploads\/2024\/11\/1731582718335-768x512.jpeg 768w, https:\/\/ai-grid.org\/wp-content\/uploads\/2024\/11\/1731582718335-1536x1024.jpeg 1536w, https:\/\/ai-grid.org\/wp-content\/uploads\/2024\/11\/1731582718335-18x12.jpeg 18w, https:\/\/ai-grid.org\/wp-content\/uploads\/2024\/11\/1731582718335.jpeg 2048w\" sizes=\"(max-width: 800px) 100vw, 800px\" \/>\t\t\t\t\t\t\t\t\t\t\t\t\t\t\t<\/div>\n\t\t\t\t<\/div>\n\t\t\t\t<\/div>\n\t\t<div class=\"elementor-element elementor-element-3a4cd8a e-con-full e-flex e-con e-child\" data-id=\"3a4cd8a\" data-element_type=\"container\" data-e-type=\"container\" data-settings=\"{&quot;jet_parallax_layout_list&quot;:[]}\">\n\t\t\t\t<div class=\"elementor-element elementor-element-332bf59 elementor-widget elementor-widget-image\" data-id=\"332bf59\" data-element_type=\"widget\" data-e-type=\"widget\" data-widget_type=\"image.default\">\n\t\t\t\t<div class=\"elementor-widget-container\">\n\t\t\t\t\t\t\t\t\t\t\t\t\t\t\t<img decoding=\"async\" width=\"800\" height=\"534\" src=\"https:\/\/ai-grid.org\/wp-content\/uploads\/2024\/11\/1731582733243-1024x683.jpeg\" class=\"attachment-large size-large wp-image-5328\" alt=\"\" srcset=\"https:\/\/ai-grid.org\/wp-content\/uploads\/2024\/11\/1731582733243-1024x683.jpeg 1024w, https:\/\/ai-grid.org\/wp-content\/uploads\/2024\/11\/1731582733243-300x200.jpeg 300w, https:\/\/ai-grid.org\/wp-content\/uploads\/2024\/11\/1731582733243-768x512.jpeg 768w, https:\/\/ai-grid.org\/wp-content\/uploads\/2024\/11\/1731582733243-1536x1024.jpeg 1536w, https:\/\/ai-grid.org\/wp-content\/uploads\/2024\/11\/1731582733243-18x12.jpeg 18w, https:\/\/ai-grid.org\/wp-content\/uploads\/2024\/11\/1731582733243.jpeg 2048w\" sizes=\"(max-width: 800px) 100vw, 800px\" \/>\t\t\t\t\t\t\t\t\t\t\t\t\t\t\t<\/div>\n\t\t\t\t<\/div>\n\t\t\t\t<\/div>\n\t\t<div class=\"elementor-element elementor-element-2ed8624 e-con-full e-flex e-con e-child\" data-id=\"2ed8624\" data-element_type=\"container\" data-e-type=\"container\" data-settings=\"{&quot;jet_parallax_layout_list&quot;:[]}\">\n\t\t\t\t<div class=\"elementor-element elementor-element-1dcd020 elementor-widget elementor-widget-image\" data-id=\"1dcd020\" data-element_type=\"widget\" data-e-type=\"widget\" data-widget_type=\"image.default\">\n\t\t\t\t<div class=\"elementor-widget-container\">\n\t\t\t\t\t\t\t\t\t\t\t\t\t\t\t<img decoding=\"async\" width=\"800\" height=\"534\" src=\"https:\/\/ai-grid.org\/wp-content\/uploads\/2024\/11\/1731582734533-1024x683.jpeg\" class=\"attachment-large size-large wp-image-5330\" alt=\"\" srcset=\"https:\/\/ai-grid.org\/wp-content\/uploads\/2024\/11\/1731582734533-1024x683.jpeg 1024w, https:\/\/ai-grid.org\/wp-content\/uploads\/2024\/11\/1731582734533-300x200.jpeg 300w, https:\/\/ai-grid.org\/wp-content\/uploads\/2024\/11\/1731582734533-768x512.jpeg 768w, https:\/\/ai-grid.org\/wp-content\/uploads\/2024\/11\/1731582734533-1536x1024.jpeg 1536w, https:\/\/ai-grid.org\/wp-content\/uploads\/2024\/11\/1731582734533-18x12.jpeg 18w, https:\/\/ai-grid.org\/wp-content\/uploads\/2024\/11\/1731582734533.jpeg 2048w\" sizes=\"(max-width: 800px) 100vw, 800px\" \/>\t\t\t\t\t\t\t\t\t\t\t\t\t\t\t<\/div>\n\t\t\t\t<\/div>\n\t\t\t\t<\/div>\n\t\t\t\t<\/div>\n\t\t\t\t<\/div>\n\t\t\t\t<div class=\"elementor-element elementor-element-56d90ff elementor-widget elementor-widget-heading\" data-id=\"56d90ff\" data-element_type=\"widget\" data-e-type=\"widget\" data-widget_type=\"heading.default\">\n\t\t\t\t<div class=\"elementor-widget-container\">\n\t\t\t\t\t<h2 class=\"elementor-heading-title elementor-size-default\">Do you have questions about the network?<\/h2>\t\t\t\t<\/div>\n\t\t\t\t<\/div>\n\t\t\t\t<div class=\"elementor-element elementor-element-a4a214e elementor-widget elementor-widget-text-editor\" data-id=\"a4a214e\" data-element_type=\"widget\" data-e-type=\"widget\" data-widget_type=\"text-editor.default\">\n\t\t\t\t<div class=\"elementor-widget-container\">\n\t\t\t\t\t\t\t\t\t<p style=\"text-align: center;\" class=\"translation-block\">Then get in touch with us and follow us on <span style=\"text-decoration: underline\"><span style=\"color: #808080;text-decoration: underline\"><a style=\"color: #808080;text-decoration: underline\" href=\"https:\/\/www.linkedin.com\/company\/ai-grid\/\" target=\"_blank\" rel=\"noopener\">LinkedIn<\/a><\/span><\/span>, to find out about the next information event.\n<br>We'll be happy to show you how to make the most of our network.<\/p>\t\t\t\t\t\t\t\t<\/div>\n\t\t\t\t<\/div>\n\t\t\t\t<div class=\"elementor-element elementor-element-7984131 elementor-mobile-align-justify elementor-widget-mobile__width-inherit elementor-align-center elementor-widget elementor-widget-button\" data-id=\"7984131\" data-element_type=\"widget\" data-e-type=\"widget\" data-widget_type=\"button.default\">\n\t\t\t\t<div class=\"elementor-widget-container\">\n\t\t\t\t\t\t\t\t\t<div class=\"elementor-button-wrapper\">\n\t\t\t\t\t<a class=\"elementor-button elementor-button-link elementor-size-sm elementor-animation-bob\" href=\"https:\/\/ai-grid.org\/en\/about\/\" target=\"_blank\">\n\t\t\t\t\t\t<span class=\"elementor-button-content-wrapper\">\n\t\t\t\t\t\t\t\t\t<span class=\"elementor-button-text\">Click here for the project team<\/span>\n\t\t\t\t\t<\/span>\n\t\t\t\t\t<\/a>\n\t\t\t\t<\/div>\n\t\t\t\t\t\t\t\t<\/div>\n\t\t\t\t<\/div>\n\t\t\t\t\t<\/div>\n\t\t\t\t<\/div>\n\t\t\t\t<\/div>","protected":false},"excerpt":{"rendered":"<p>AI Grid Mitgliederbereich Der Community-Bereich f\u00fcr aktive AI Grid Mitglieder: Informieren, vernetzen, austauschen und an exklusiven Formaten teilnehmen. Log dich jetzt ein! Willkommen bei AI Grid: Nutze unser Netzwerk und pushe deine KI-Karriere Sch\u00f6n, dass du Teil unserer AI Grid Community bist. Wir freuen uns darauf, dich 24 Monate in deiner KI-Forschung zu unterst\u00fctzen. \u00dcber [&hellip;]<\/p>\n","protected":false},"author":1,"featured_media":0,"parent":0,"menu_order":0,"comment_status":"closed","ping_status":"closed","template":"","meta":{"iawp_total_views":1,"footnotes":""},"class_list":["post-8025","page","type-page","status-publish","hentry"],"yoast_head":"<!-- This site is optimized with the Yoast SEO plugin v27.4 - https:\/\/yoast.com\/product\/yoast-seo-wordpress\/ -->\n<title>testseite_ - AI GRID<\/title>\n<meta name=\"robots\" content=\"index, follow, max-snippet:-1, max-image-preview:large, max-video-preview:-1\" \/>\n<link rel=\"canonical\" href=\"https:\/\/ai-grid.org\/en\/testseite_\/\" \/>\n<meta property=\"og:locale\" content=\"en_GB\" \/>\n<meta property=\"og:type\" content=\"article\" \/>\n<meta property=\"og:title\" content=\"testseite_ - AI GRID\" \/>\n<meta property=\"og:description\" content=\"AI Grid Mitgliederbereich Der Community-Bereich f\u00fcr aktive AI Grid Mitglieder: Informieren, vernetzen, austauschen und an exklusiven Formaten teilnehmen. Log dich jetzt ein! Willkommen bei AI Grid: Nutze unser Netzwerk und pushe deine KI-Karriere Sch\u00f6n, dass du Teil unserer AI Grid Community bist. Wir freuen uns darauf, dich 24 Monate in deiner KI-Forschung zu unterst\u00fctzen. \u00dcber [&hellip;]\" \/>\n<meta property=\"og:url\" content=\"https:\/\/ai-grid.org\/en\/testseite_\/\" \/>\n<meta property=\"og:site_name\" content=\"AI GRID\" \/>\n<meta property=\"article:modified_time\" content=\"2026-01-26T15:11:53+00:00\" \/>\n<meta property=\"og:image\" content=\"https:\/\/ai-grid.org\/wp-content\/uploads\/2024\/11\/1731582718335.jpeg\" \/>\n\t<meta property=\"og:image:width\" content=\"2048\" \/>\n\t<meta property=\"og:image:height\" content=\"1365\" \/>\n\t<meta property=\"og:image:type\" content=\"image\/jpeg\" \/>\n<meta name=\"twitter:card\" content=\"summary_large_image\" \/>\n<meta name=\"twitter:label1\" content=\"Estimated reading time\" \/>\n\t<meta name=\"twitter:data1\" content=\"3 minutes\" \/>\n<script type=\"application\/ld+json\" class=\"yoast-schema-graph\">{\"@context\":\"https:\\\/\\\/schema.org\",\"@graph\":[{\"@type\":\"WebPage\",\"@id\":\"https:\\\/\\\/ai-grid.org\\\/testseite_\\\/\",\"url\":\"https:\\\/\\\/ai-grid.org\\\/testseite_\\\/\",\"name\":\"testseite_ - AI GRID\",\"isPartOf\":{\"@id\":\"https:\\\/\\\/ai-grid.org\\\/#website\"},\"primaryImageOfPage\":{\"@id\":\"https:\\\/\\\/ai-grid.org\\\/testseite_\\\/#primaryimage\"},\"image\":{\"@id\":\"https:\\\/\\\/ai-grid.org\\\/testseite_\\\/#primaryimage\"},\"thumbnailUrl\":\"https:\\\/\\\/ai-grid.org\\\/wp-content\\\/uploads\\\/2024\\\/11\\\/1731582718335-1024x683.jpeg\",\"datePublished\":\"2026-01-22T15:27:28+00:00\",\"dateModified\":\"2026-01-26T15:11:53+00:00\",\"breadcrumb\":{\"@id\":\"https:\\\/\\\/ai-grid.org\\\/testseite_\\\/#breadcrumb\"},\"inLanguage\":\"en-GB\",\"potentialAction\":[{\"@type\":\"ReadAction\",\"target\":[\"https:\\\/\\\/ai-grid.org\\\/testseite_\\\/\"]}]},{\"@type\":\"ImageObject\",\"inLanguage\":\"en-GB\",\"@id\":\"https:\\\/\\\/ai-grid.org\\\/testseite_\\\/#primaryimage\",\"url\":\"https:\\\/\\\/ai-grid.org\\\/wp-content\\\/uploads\\\/2024\\\/11\\\/1731582718335-1024x683.jpeg\",\"contentUrl\":\"https:\\\/\\\/ai-grid.org\\\/wp-content\\\/uploads\\\/2024\\\/11\\\/1731582718335-1024x683.jpeg\"},{\"@type\":\"BreadcrumbList\",\"@id\":\"https:\\\/\\\/ai-grid.org\\\/testseite_\\\/#breadcrumb\",\"itemListElement\":[{\"@type\":\"ListItem\",\"position\":1,\"name\":\"Startseite\",\"item\":\"https:\\\/\\\/ai-grid.org\\\/\"},{\"@type\":\"ListItem\",\"position\":2,\"name\":\"testseite_\"}]},{\"@type\":\"WebSite\",\"@id\":\"https:\\\/\\\/ai-grid.org\\\/#website\",\"url\":\"https:\\\/\\\/ai-grid.org\\\/\",\"name\":\"AI GRID\",\"description\":\"Ein Netzwerk hochrangiger KI-Expert:innen\",\"publisher\":{\"@id\":\"https:\\\/\\\/ai-grid.org\\\/#organization\"},\"potentialAction\":[{\"@type\":\"SearchAction\",\"target\":{\"@type\":\"EntryPoint\",\"urlTemplate\":\"https:\\\/\\\/ai-grid.org\\\/?s={search_term_string}\"},\"query-input\":{\"@type\":\"PropertyValueSpecification\",\"valueRequired\":true,\"valueName\":\"search_term_string\"}}],\"inLanguage\":\"en-GB\"},{\"@type\":\"Organization\",\"@id\":\"https:\\\/\\\/ai-grid.org\\\/#organization\",\"name\":\"AI GRID\",\"url\":\"https:\\\/\\\/ai-grid.org\\\/\",\"logo\":{\"@type\":\"ImageObject\",\"inLanguage\":\"en-GB\",\"@id\":\"https:\\\/\\\/ai-grid.org\\\/#\\\/schema\\\/logo\\\/image\\\/\",\"url\":\"https:\\\/\\\/ai-grid.org\\\/wp-content\\\/uploads\\\/2024\\\/01\\\/220926_AIGrid_Logo_RGB-01-1920w.png\",\"contentUrl\":\"https:\\\/\\\/ai-grid.org\\\/wp-content\\\/uploads\\\/2024\\\/01\\\/220926_AIGrid_Logo_RGB-01-1920w.png\",\"width\":1920,\"height\":1008,\"caption\":\"AI GRID\"},\"image\":{\"@id\":\"https:\\\/\\\/ai-grid.org\\\/#\\\/schema\\\/logo\\\/image\\\/\"}}]}<\/script>\n<!-- \/ Yoast SEO plugin. -->","yoast_head_json":{"title":"testseite_ - AI GRID","robots":{"index":"index","follow":"follow","max-snippet":"max-snippet:-1","max-image-preview":"max-image-preview:large","max-video-preview":"max-video-preview:-1"},"canonical":"https:\/\/ai-grid.org\/en\/testseite_\/","og_locale":"en_GB","og_type":"article","og_title":"testseite_ - AI GRID","og_description":"AI Grid Mitgliederbereich Der Community-Bereich f\u00fcr aktive AI Grid Mitglieder: Informieren, vernetzen, austauschen und an exklusiven Formaten teilnehmen. Log dich jetzt ein! Willkommen bei AI Grid: Nutze unser Netzwerk und pushe deine KI-Karriere Sch\u00f6n, dass du Teil unserer AI Grid Community bist. Wir freuen uns darauf, dich 24 Monate in deiner KI-Forschung zu unterst\u00fctzen. \u00dcber [&hellip;]","og_url":"https:\/\/ai-grid.org\/en\/testseite_\/","og_site_name":"AI GRID","article_modified_time":"2026-01-26T15:11:53+00:00","og_image":[{"width":2048,"height":1365,"url":"https:\/\/ai-grid.org\/wp-content\/uploads\/2024\/11\/1731582718335.jpeg","type":"image\/jpeg"}],"twitter_card":"summary_large_image","twitter_misc":{"Estimated reading time":"3 minutes"},"schema":{"@context":"https:\/\/schema.org","@graph":[{"@type":"WebPage","@id":"https:\/\/ai-grid.org\/testseite_\/","url":"https:\/\/ai-grid.org\/testseite_\/","name":"testseite_ - AI GRID","isPartOf":{"@id":"https:\/\/ai-grid.org\/#website"},"primaryImageOfPage":{"@id":"https:\/\/ai-grid.org\/testseite_\/#primaryimage"},"image":{"@id":"https:\/\/ai-grid.org\/testseite_\/#primaryimage"},"thumbnailUrl":"https:\/\/ai-grid.org\/wp-content\/uploads\/2024\/11\/1731582718335-1024x683.jpeg","datePublished":"2026-01-22T15:27:28+00:00","dateModified":"2026-01-26T15:11:53+00:00","breadcrumb":{"@id":"https:\/\/ai-grid.org\/testseite_\/#breadcrumb"},"inLanguage":"en-GB","potentialAction":[{"@type":"ReadAction","target":["https:\/\/ai-grid.org\/testseite_\/"]}]},{"@type":"ImageObject","inLanguage":"en-GB","@id":"https:\/\/ai-grid.org\/testseite_\/#primaryimage","url":"https:\/\/ai-grid.org\/wp-content\/uploads\/2024\/11\/1731582718335-1024x683.jpeg","contentUrl":"https:\/\/ai-grid.org\/wp-content\/uploads\/2024\/11\/1731582718335-1024x683.jpeg"},{"@type":"BreadcrumbList","@id":"https:\/\/ai-grid.org\/testseite_\/#breadcrumb","itemListElement":[{"@type":"ListItem","position":1,"name":"Startseite","item":"https:\/\/ai-grid.org\/"},{"@type":"ListItem","position":2,"name":"testseite_"}]},{"@type":"WebSite","@id":"https:\/\/ai-grid.org\/#website","url":"https:\/\/ai-grid.org\/","name":"AI GRID","description":"Ein Netzwerk hochrangiger KI-Expert:innen","publisher":{"@id":"https:\/\/ai-grid.org\/#organization"},"potentialAction":[{"@type":"SearchAction","target":{"@type":"EntryPoint","urlTemplate":"https:\/\/ai-grid.org\/?s={search_term_string}"},"query-input":{"@type":"PropertyValueSpecification","valueRequired":true,"valueName":"search_term_string"}}],"inLanguage":"en-GB"},{"@type":"Organization","@id":"https:\/\/ai-grid.org\/#organization","name":"AI GRID","url":"https:\/\/ai-grid.org\/","logo":{"@type":"ImageObject","inLanguage":"en-GB","@id":"https:\/\/ai-grid.org\/#\/schema\/logo\/image\/","url":"https:\/\/ai-grid.org\/wp-content\/uploads\/2024\/01\/220926_AIGrid_Logo_RGB-01-1920w.png","contentUrl":"https:\/\/ai-grid.org\/wp-content\/uploads\/2024\/01\/220926_AIGrid_Logo_RGB-01-1920w.png","width":1920,"height":1008,"caption":"AI GRID"},"image":{"@id":"https:\/\/ai-grid.org\/#\/schema\/logo\/image\/"}}]}},"_links":{"self":[{"href":"https:\/\/ai-grid.org\/en\/wp-json\/wp\/v2\/pages\/8025","targetHints":{"allow":["GET"]}}],"collection":[{"href":"https:\/\/ai-grid.org\/en\/wp-json\/wp\/v2\/pages"}],"about":[{"href":"https:\/\/ai-grid.org\/en\/wp-json\/wp\/v2\/types\/page"}],"author":[{"embeddable":true,"href":"https:\/\/ai-grid.org\/en\/wp-json\/wp\/v2\/users\/1"}],"replies":[{"embeddable":true,"href":"https:\/\/ai-grid.org\/en\/wp-json\/wp\/v2\/comments?post=8025"}],"version-history":[{"count":49,"href":"https:\/\/ai-grid.org\/en\/wp-json\/wp\/v2\/pages\/8025\/revisions"}],"predecessor-version":[{"id":8076,"href":"https:\/\/ai-grid.org\/en\/wp-json\/wp\/v2\/pages\/8025\/revisions\/8076"}],"wp:attachment":[{"href":"https:\/\/ai-grid.org\/en\/wp-json\/wp\/v2\/media?parent=8025"}],"curies":[{"name":"wp","href":"https:\/\/api.w.org\/{rel}","templated":true}]}}