{"id":5738,"date":"2025-03-03T15:43:27","date_gmt":"2025-03-03T15:43:27","guid":{"rendered":"https:\/\/ai-grid.org\/?page_id=5738"},"modified":"2026-03-10T12:55:03","modified_gmt":"2026-03-10T12:55:03","slug":"ai-grid-alumni","status":"publish","type":"page","link":"https:\/\/ai-grid.org\/en\/ai-grid-alumni\/","title":{"rendered":"AI Grid Alumni"},"content":{"rendered":"<div data-elementor-type=\"wp-page\" data-elementor-id=\"5738\" class=\"elementor elementor-5738\" data-elementor-post-type=\"page\">\n\t\t\t\t<div class=\"elementor-element elementor-element-c2994e9 e-flex e-con-boxed e-con e-parent\" data-id=\"c2994e9\" data-element_type=\"container\" data-e-type=\"container\" data-settings=\"{&quot;background_background&quot;:&quot;classic&quot;,&quot;jet_parallax_layout_list&quot;:[]}\">\n\t\t\t\t\t<div class=\"e-con-inner\">\n\t\t\t\t\t<\/div>\n\t\t\t\t<\/div>\n\t\t<div class=\"elementor-element elementor-element-2e7f0f0 e-flex e-con-boxed e-con e-parent\" data-id=\"2e7f0f0\" data-element_type=\"container\" data-e-type=\"container\" data-settings=\"{&quot;jet_parallax_layout_list&quot;:[]}\">\n\t\t\t\t\t<div class=\"e-con-inner\">\n\t\t\t\t<div class=\"elementor-element elementor-element-598da83 elementor-widget elementor-widget-heading\" data-id=\"598da83\" data-element_type=\"widget\" data-e-type=\"widget\" data-widget_type=\"heading.default\">\n\t\t\t\t<div class=\"elementor-widget-container\">\n\t\t\t\t\t<h2 class=\"elementor-heading-title elementor-size-default\">AI Grid Alumni<\/h2>\t\t\t\t<\/div>\n\t\t\t\t<\/div>\n\t\t\t\t<div class=\"elementor-element elementor-element-da978f5 elementor-widget elementor-widget-text-editor\" data-id=\"da978f5\" data-element_type=\"widget\" data-e-type=\"widget\" data-widget_type=\"text-editor.default\">\n\t\t\t\t<div class=\"elementor-widget-container\">\n\t\t\t\t\t\t\t\t\t<p>In the alumni network, former members remain part of the community, continue to connect with peers and experts, and contribute their experience through mentoring, presentations, and collaborative initiatives. This generates new ideas, opportunities for exchange, and perspectives for advancing careers in AI.<\/p>\t\t\t\t\t\t\t\t<\/div>\n\t\t\t\t<\/div>\n\t\t\t\t<div class=\"elementor-element elementor-element-e6e8ed9 elementor-mobile-align-justify elementor-widget-mobile__width-inherit elementor-align-right elementor-widget elementor-widget-button\" data-id=\"e6e8ed9\" data-element_type=\"widget\" data-e-type=\"widget\" data-widget_type=\"button.default\">\n\t\t\t\t<div class=\"elementor-widget-container\">\n\t\t\t\t\t\t\t\t\t<div class=\"elementor-button-wrapper\">\n\t\t\t\t\t<a class=\"elementor-button elementor-button-link elementor-size-sm elementor-animation-bob\" href=\"https:\/\/community.ai-grid.org\/Login.aspx?ReturnUrl=%2fLogin\" target=\"_blank\">\n\t\t\t\t\t\t<span class=\"elementor-button-content-wrapper\">\n\t\t\t\t\t\t\t\t\t<span class=\"elementor-button-text\">Log in now!<\/span>\n\t\t\t\t\t<\/span>\n\t\t\t\t\t<\/a>\n\t\t\t\t<\/div>\n\t\t\t\t\t\t\t\t<\/div>\n\t\t\t\t<\/div>\n\t\t\t\t\t<\/div>\n\t\t\t\t<\/div>\n\t\t\t\t<section class=\"elementor-section elementor-top-section elementor-element elementor-element-19d05fa elementor-section-boxed elementor-section-height-default elementor-section-height-default\" data-id=\"19d05fa\" data-element_type=\"section\" data-e-type=\"section\" data-settings=\"{&quot;jet_parallax_layout_list&quot;:[]}\">\n\t\t\t\t\t\t<div class=\"elementor-container elementor-column-gap-default\">\n\t\t\t\t\t<div class=\"elementor-column elementor-col-100 elementor-top-column elementor-element elementor-element-758cd7d\" data-id=\"758cd7d\" data-element_type=\"column\" data-e-type=\"column\">\n\t\t\t<div class=\"elementor-widget-wrap elementor-element-populated\">\n\t\t\t\t\t\t<div class=\"elementor-element elementor-element-395bf0a elementor-invisible elementor-widget elementor-widget-image-box\" data-id=\"395bf0a\" data-element_type=\"widget\" data-e-type=\"widget\" data-settings=\"{&quot;_animation&quot;:&quot;fadeInDown&quot;}\" data-widget_type=\"image-box.default\">\n\t\t\t\t<div class=\"elementor-widget-container\">\n\t\t\t\t\t<div class=\"elementor-image-box-wrapper\"><div class=\"elementor-image-box-content\"><h2 class=\"elementor-image-box-title\">The journey with AI Grid continues:\nStay part of the community as alumni<\/h2><\/div><\/div>\t\t\t\t<\/div>\n\t\t\t\t<\/div>\n\t\t\t\t<section class=\"elementor-section elementor-inner-section elementor-element elementor-element-6db3b64 elementor-section-boxed elementor-section-height-default elementor-section-height-default\" data-id=\"6db3b64\" data-element_type=\"section\" data-e-type=\"section\" data-settings=\"{&quot;jet_parallax_layout_list&quot;:[],&quot;background_background&quot;:&quot;classic&quot;}\">\n\t\t\t\t\t\t<div class=\"elementor-container elementor-column-gap-default\">\n\t\t\t\t\t<div class=\"elementor-column elementor-col-50 elementor-inner-column elementor-element elementor-element-5de6821\" data-id=\"5de6821\" data-element_type=\"column\" data-e-type=\"column\">\n\t\t\t<div class=\"elementor-widget-wrap elementor-element-populated\">\n\t\t\t\t\t\t<div class=\"elementor-element elementor-element-67e97ea elementor-widget elementor-widget-text-editor\" data-id=\"67e97ea\" data-element_type=\"widget\" data-e-type=\"widget\" data-widget_type=\"text-editor.default\">\n\t\t\t\t<div class=\"elementor-widget-container\">\n\t\t\t\t\t\t\t\t\t<p><strong>Have you enjoyed your AI Gird membership and entered a new chapter in your life?\u00a0<\/strong><\/p><p><strong>We continue to support you! As an AI Grid alumnus or alumna, you remain part of our community and have the opportunity to network, exchange ideas, and help shape the future of AI.<\/strong><\/p><p class=\"translation-block\"><strong>Through our alumni network, you can actively participate, share knowledge and develop professionally, career-wise and personally.<\/strong><\/p>\t\t\t\t\t\t\t\t<\/div>\n\t\t\t\t<\/div>\n\t\t\t\t<div class=\"elementor-element elementor-element-6299edc elementor-widget__width-initial elementor-widget elementor-widget-image\" data-id=\"6299edc\" data-element_type=\"widget\" data-e-type=\"widget\" data-widget_type=\"image.default\">\n\t\t\t\t<div class=\"elementor-widget-container\">\n\t\t\t\t\t\t\t\t\t\t\t\t\t\t\t<img fetchpriority=\"high\" decoding=\"async\" width=\"800\" height=\"697\" src=\"https:\/\/ai-grid.org\/wp-content\/uploads\/2025\/07\/Medien-4-e1773147292856-1024x892.jpeg\" class=\"attachment-large size-large wp-image-6611\" alt=\"\" srcset=\"https:\/\/ai-grid.org\/wp-content\/uploads\/2025\/07\/Medien-4-e1773147292856-1024x892.jpeg 1024w, https:\/\/ai-grid.org\/wp-content\/uploads\/2025\/07\/Medien-4-e1773147292856-300x261.jpeg 300w, https:\/\/ai-grid.org\/wp-content\/uploads\/2025\/07\/Medien-4-e1773147292856-768x669.jpeg 768w, https:\/\/ai-grid.org\/wp-content\/uploads\/2025\/07\/Medien-4-e1773147292856-14x12.jpeg 14w, https:\/\/ai-grid.org\/wp-content\/uploads\/2025\/07\/Medien-4-e1773147292856.jpeg 1440w\" sizes=\"(max-width: 800px) 100vw, 800px\" \/>\t\t\t\t\t\t\t\t\t\t\t\t\t\t\t<\/div>\n\t\t\t\t<\/div>\n\t\t\t\t\t<\/div>\n\t\t<\/div>\n\t\t\t\t<div class=\"elementor-column elementor-col-50 elementor-inner-column elementor-element elementor-element-57a200e\" data-id=\"57a200e\" data-element_type=\"column\" data-e-type=\"column\">\n\t\t\t<div class=\"elementor-widget-wrap elementor-element-populated\">\n\t\t\t\t\t\t<div class=\"elementor-element elementor-element-f49683c elementor-widget elementor-widget-text-editor\" data-id=\"f49683c\" data-element_type=\"widget\" data-e-type=\"widget\" data-widget_type=\"text-editor.default\">\n\t\t\t\t<div class=\"elementor-widget-container\">\n\t\t\t\t\t\t\t\t\t<p data-start=\"528\" data-end=\"812\"><span data-start=\"528\" data-end=\"575\"><b>Stay Connected<br><\/b><\/span>Members of the alumni network have access to exclusive formats: online meet-ups, quarterly lecture series, and the AI Grid Summit offer opportunities to gain new insights, exchange ideas, and strengthen their careers.<\/p>\n<p data-start=\"814\" data-end=\"1055\" class=\"translation-block\"><span data-start=\"814\" data-end=\"852\"><b>Mentoring and Speaking Opportunities<br><\/b><\/span>Alumni can support network members as mentors or provide insights into their projects and career paths as speakers at events. In this way, they contribute their valuable experience to the community and inspire others.<\/p>\n<p data-start=\"814\" data-end=\"1055\"><strong data-start=\"777\" data-end=\"807\">Diverse Online Formats<\/strong><br data-start=\"807\" data-end=\"810\">In addition to themed events, there are casual formats focused on informal exchange. Members can connect in a relaxed atmosphere, discuss ideas, and find inspiration for their own work.<\/p>\n<p data-start=\"1057\" data-end=\"1381\" class=\"translation-block\"><span data-start=\"1057\" data-end=\"1099\"><b>Regional Meet-Ups<br><\/b><\/span>Together with <span style=\"text-decoration: underline\"><strong><a href=\"https:\/\/softwarecampus-alumni.de\/\" target=\"_blank\" rel=\"noopener\">Software Campus Alumni <\/a><\/strong><\/span>, we organize regional meet-ups in cities such as Berlin, Darmstadt, Karlsruhe, Dresden, and Munich. Informal gatherings create space for networking, discussions about research, careers, and current trends.<\/p>\t\t\t\t\t\t\t\t<\/div>\n\t\t\t\t<\/div>\n\t\t\t\t\t<\/div>\n\t\t<\/div>\n\t\t\t\t\t<\/div>\n\t\t<\/section>\n\t\t\t\t\t<\/div>\n\t\t<\/div>\n\t\t\t\t\t<\/div>\n\t\t<\/section>\n\t\t\t\t<\/div>","protected":false},"excerpt":{"rendered":"<p>AI Grid Alumni Im Alumni-Netzwerk bleiben ehemalige Mitglieder Teil der Community, vernetzen sich weiter mit Peers und Expert:innen und bringen ihre Erfahrungen in Mentoring, Vortr\u00e4ge und gemeinsame Formate ein. So entstehen neue Impulse, Austauschm\u00f6glichkeiten und Perspektiven f\u00fcr die weitere Karriere in der KI. Log dich jetzt ein! Die Reise mit AI Grid geht weiter: Bleibe [&hellip;]<\/p>\n","protected":false},"author":7,"featured_media":0,"parent":0,"menu_order":0,"comment_status":"closed","ping_status":"closed","template":"","meta":{"iawp_total_views":85,"footnotes":""},"class_list":["post-5738","page","type-page","status-publish","hentry"],"yoast_head":"<!-- This site is optimized with the Yoast SEO plugin v27.4 - https:\/\/yoast.com\/product\/yoast-seo-wordpress\/ -->\n<title>AI Grid Alumni - AI GRID<\/title>\n<meta name=\"robots\" content=\"index, follow, max-snippet:-1, max-image-preview:large, max-video-preview:-1\" \/>\n<link rel=\"canonical\" href=\"https:\/\/ai-grid.org\/en\/ai-grid-alumni\/\" \/>\n<meta property=\"og:locale\" content=\"en_GB\" \/>\n<meta property=\"og:type\" content=\"article\" \/>\n<meta property=\"og:title\" content=\"AI Grid Alumni - AI GRID\" \/>\n<meta property=\"og:description\" content=\"AI Grid Alumni Im Alumni-Netzwerk bleiben ehemalige Mitglieder Teil der Community, vernetzen sich weiter mit Peers und Expert:innen und bringen ihre Erfahrungen in Mentoring, Vortr\u00e4ge und gemeinsame Formate ein. So entstehen neue Impulse, Austauschm\u00f6glichkeiten und Perspektiven f\u00fcr die weitere Karriere in der KI. Log dich jetzt ein! Die Reise mit AI Grid geht weiter: Bleibe [&hellip;]\" \/>\n<meta property=\"og:url\" content=\"https:\/\/ai-grid.org\/en\/ai-grid-alumni\/\" \/>\n<meta property=\"og:site_name\" content=\"AI GRID\" \/>\n<meta property=\"article:modified_time\" content=\"2026-03-10T12:55:03+00:00\" \/>\n<meta property=\"og:image\" content=\"https:\/\/ai-grid.org\/wp-content\/uploads\/2025\/07\/Medien-4-e1773147292856-1024x892.jpeg\" \/>\n<meta name=\"twitter:card\" content=\"summary_large_image\" \/>\n<meta name=\"twitter:label1\" content=\"Estimated reading time\" \/>\n\t<meta name=\"twitter:data1\" content=\"2 minutes\" \/>\n<script type=\"application\/ld+json\" class=\"yoast-schema-graph\">{\"@context\":\"https:\\\/\\\/schema.org\",\"@graph\":[{\"@type\":\"WebPage\",\"@id\":\"https:\\\/\\\/ai-grid.org\\\/ai-grid-alumni\\\/\",\"url\":\"https:\\\/\\\/ai-grid.org\\\/ai-grid-alumni\\\/\",\"name\":\"AI Grid Alumni - AI GRID\",\"isPartOf\":{\"@id\":\"https:\\\/\\\/ai-grid.org\\\/#website\"},\"primaryImageOfPage\":{\"@id\":\"https:\\\/\\\/ai-grid.org\\\/ai-grid-alumni\\\/#primaryimage\"},\"image\":{\"@id\":\"https:\\\/\\\/ai-grid.org\\\/ai-grid-alumni\\\/#primaryimage\"},\"thumbnailUrl\":\"https:\\\/\\\/ai-grid.org\\\/wp-content\\\/uploads\\\/2025\\\/07\\\/Medien-4-e1773147292856-1024x892.jpeg\",\"datePublished\":\"2025-03-03T15:43:27+00:00\",\"dateModified\":\"2026-03-10T12:55:03+00:00\",\"breadcrumb\":{\"@id\":\"https:\\\/\\\/ai-grid.org\\\/ai-grid-alumni\\\/#breadcrumb\"},\"inLanguage\":\"en-GB\",\"potentialAction\":[{\"@type\":\"ReadAction\",\"target\":[\"https:\\\/\\\/ai-grid.org\\\/ai-grid-alumni\\\/\"]}]},{\"@type\":\"ImageObject\",\"inLanguage\":\"en-GB\",\"@id\":\"https:\\\/\\\/ai-grid.org\\\/ai-grid-alumni\\\/#primaryimage\",\"url\":\"https:\\\/\\\/ai-grid.org\\\/wp-content\\\/uploads\\\/2025\\\/07\\\/Medien-4-e1773147292856-1024x892.jpeg\",\"contentUrl\":\"https:\\\/\\\/ai-grid.org\\\/wp-content\\\/uploads\\\/2025\\\/07\\\/Medien-4-e1773147292856-1024x892.jpeg\"},{\"@type\":\"BreadcrumbList\",\"@id\":\"https:\\\/\\\/ai-grid.org\\\/ai-grid-alumni\\\/#breadcrumb\",\"itemListElement\":[{\"@type\":\"ListItem\",\"position\":1,\"name\":\"Startseite\",\"item\":\"https:\\\/\\\/ai-grid.org\\\/\"},{\"@type\":\"ListItem\",\"position\":2,\"name\":\"AI Grid Alumni\"}]},{\"@type\":\"WebSite\",\"@id\":\"https:\\\/\\\/ai-grid.org\\\/#website\",\"url\":\"https:\\\/\\\/ai-grid.org\\\/\",\"name\":\"AI GRID\",\"description\":\"Ein Netzwerk hochrangiger KI-Expert:innen\",\"publisher\":{\"@id\":\"https:\\\/\\\/ai-grid.org\\\/#organization\"},\"potentialAction\":[{\"@type\":\"SearchAction\",\"target\":{\"@type\":\"EntryPoint\",\"urlTemplate\":\"https:\\\/\\\/ai-grid.org\\\/?s={search_term_string}\"},\"query-input\":{\"@type\":\"PropertyValueSpecification\",\"valueRequired\":true,\"valueName\":\"search_term_string\"}}],\"inLanguage\":\"en-GB\"},{\"@type\":\"Organization\",\"@id\":\"https:\\\/\\\/ai-grid.org\\\/#organization\",\"name\":\"AI GRID\",\"url\":\"https:\\\/\\\/ai-grid.org\\\/\",\"logo\":{\"@type\":\"ImageObject\",\"inLanguage\":\"en-GB\",\"@id\":\"https:\\\/\\\/ai-grid.org\\\/#\\\/schema\\\/logo\\\/image\\\/\",\"url\":\"https:\\\/\\\/ai-grid.org\\\/wp-content\\\/uploads\\\/2024\\\/01\\\/220926_AIGrid_Logo_RGB-01-1920w.png\",\"contentUrl\":\"https:\\\/\\\/ai-grid.org\\\/wp-content\\\/uploads\\\/2024\\\/01\\\/220926_AIGrid_Logo_RGB-01-1920w.png\",\"width\":1920,\"height\":1008,\"caption\":\"AI GRID\"},\"image\":{\"@id\":\"https:\\\/\\\/ai-grid.org\\\/#\\\/schema\\\/logo\\\/image\\\/\"}}]}<\/script>\n<!-- \/ Yoast SEO plugin. -->","yoast_head_json":{"title":"AI Grid Alumni - AI GRID","robots":{"index":"index","follow":"follow","max-snippet":"max-snippet:-1","max-image-preview":"max-image-preview:large","max-video-preview":"max-video-preview:-1"},"canonical":"https:\/\/ai-grid.org\/en\/ai-grid-alumni\/","og_locale":"en_GB","og_type":"article","og_title":"AI Grid Alumni - AI GRID","og_description":"AI Grid Alumni Im Alumni-Netzwerk bleiben ehemalige Mitglieder Teil der Community, vernetzen sich weiter mit Peers und Expert:innen und bringen ihre Erfahrungen in Mentoring, Vortr\u00e4ge und gemeinsame Formate ein. So entstehen neue Impulse, Austauschm\u00f6glichkeiten und Perspektiven f\u00fcr die weitere Karriere in der KI. Log dich jetzt ein! Die Reise mit AI Grid geht weiter: Bleibe [&hellip;]","og_url":"https:\/\/ai-grid.org\/en\/ai-grid-alumni\/","og_site_name":"AI GRID","article_modified_time":"2026-03-10T12:55:03+00:00","og_image":[{"url":"https:\/\/ai-grid.org\/wp-content\/uploads\/2025\/07\/Medien-4-e1773147292856-1024x892.jpeg","type":"","width":"","height":""}],"twitter_card":"summary_large_image","twitter_misc":{"Estimated reading time":"2 minutes"},"schema":{"@context":"https:\/\/schema.org","@graph":[{"@type":"WebPage","@id":"https:\/\/ai-grid.org\/ai-grid-alumni\/","url":"https:\/\/ai-grid.org\/ai-grid-alumni\/","name":"AI Grid Alumni - AI GRID","isPartOf":{"@id":"https:\/\/ai-grid.org\/#website"},"primaryImageOfPage":{"@id":"https:\/\/ai-grid.org\/ai-grid-alumni\/#primaryimage"},"image":{"@id":"https:\/\/ai-grid.org\/ai-grid-alumni\/#primaryimage"},"thumbnailUrl":"https:\/\/ai-grid.org\/wp-content\/uploads\/2025\/07\/Medien-4-e1773147292856-1024x892.jpeg","datePublished":"2025-03-03T15:43:27+00:00","dateModified":"2026-03-10T12:55:03+00:00","breadcrumb":{"@id":"https:\/\/ai-grid.org\/ai-grid-alumni\/#breadcrumb"},"inLanguage":"en-GB","potentialAction":[{"@type":"ReadAction","target":["https:\/\/ai-grid.org\/ai-grid-alumni\/"]}]},{"@type":"ImageObject","inLanguage":"en-GB","@id":"https:\/\/ai-grid.org\/ai-grid-alumni\/#primaryimage","url":"https:\/\/ai-grid.org\/wp-content\/uploads\/2025\/07\/Medien-4-e1773147292856-1024x892.jpeg","contentUrl":"https:\/\/ai-grid.org\/wp-content\/uploads\/2025\/07\/Medien-4-e1773147292856-1024x892.jpeg"},{"@type":"BreadcrumbList","@id":"https:\/\/ai-grid.org\/ai-grid-alumni\/#breadcrumb","itemListElement":[{"@type":"ListItem","position":1,"name":"Startseite","item":"https:\/\/ai-grid.org\/"},{"@type":"ListItem","position":2,"name":"AI Grid Alumni"}]},{"@type":"WebSite","@id":"https:\/\/ai-grid.org\/#website","url":"https:\/\/ai-grid.org\/","name":"AI GRID","description":"Ein Netzwerk hochrangiger KI-Expert:innen","publisher":{"@id":"https:\/\/ai-grid.org\/#organization"},"potentialAction":[{"@type":"SearchAction","target":{"@type":"EntryPoint","urlTemplate":"https:\/\/ai-grid.org\/?s={search_term_string}"},"query-input":{"@type":"PropertyValueSpecification","valueRequired":true,"valueName":"search_term_string"}}],"inLanguage":"en-GB"},{"@type":"Organization","@id":"https:\/\/ai-grid.org\/#organization","name":"AI GRID","url":"https:\/\/ai-grid.org\/","logo":{"@type":"ImageObject","inLanguage":"en-GB","@id":"https:\/\/ai-grid.org\/#\/schema\/logo\/image\/","url":"https:\/\/ai-grid.org\/wp-content\/uploads\/2024\/01\/220926_AIGrid_Logo_RGB-01-1920w.png","contentUrl":"https:\/\/ai-grid.org\/wp-content\/uploads\/2024\/01\/220926_AIGrid_Logo_RGB-01-1920w.png","width":1920,"height":1008,"caption":"AI GRID"},"image":{"@id":"https:\/\/ai-grid.org\/#\/schema\/logo\/image\/"}}]}},"_links":{"self":[{"href":"https:\/\/ai-grid.org\/en\/wp-json\/wp\/v2\/pages\/5738","targetHints":{"allow":["GET"]}}],"collection":[{"href":"https:\/\/ai-grid.org\/en\/wp-json\/wp\/v2\/pages"}],"about":[{"href":"https:\/\/ai-grid.org\/en\/wp-json\/wp\/v2\/types\/page"}],"author":[{"embeddable":true,"href":"https:\/\/ai-grid.org\/en\/wp-json\/wp\/v2\/users\/7"}],"replies":[{"embeddable":true,"href":"https:\/\/ai-grid.org\/en\/wp-json\/wp\/v2\/comments?post=5738"}],"version-history":[{"count":70,"href":"https:\/\/ai-grid.org\/en\/wp-json\/wp\/v2\/pages\/5738\/revisions"}],"predecessor-version":[{"id":8968,"href":"https:\/\/ai-grid.org\/en\/wp-json\/wp\/v2\/pages\/5738\/revisions\/8968"}],"wp:attachment":[{"href":"https:\/\/ai-grid.org\/en\/wp-json\/wp\/v2\/media?parent=5738"}],"curies":[{"name":"wp","href":"https:\/\/api.w.org\/{rel}","templated":true}]}}