{"id":3286,"date":"2024-03-13T14:59:35","date_gmt":"2024-03-13T14:59:35","guid":{"rendered":"https:\/\/ai-grid.org\/?page_id=3286"},"modified":"2026-02-04T13:38:56","modified_gmt":"2026-02-04T13:38:56","slug":"datenschutz","status":"publish","type":"page","link":"https:\/\/ai-grid.org\/en\/datenschutz\/","title":{"rendered":"Data protection"},"content":{"rendered":"<div data-elementor-type=\"wp-page\" data-elementor-id=\"3286\" class=\"elementor elementor-3286\" data-elementor-post-type=\"page\">\n\t\t\t\t<div class=\"elementor-element elementor-element-55b6845 e-flex e-con-boxed e-con e-parent\" data-id=\"55b6845\" data-element_type=\"container\" data-e-type=\"container\" data-settings=\"{&quot;background_background&quot;:&quot;classic&quot;,&quot;jet_parallax_layout_list&quot;:[]}\">\n\t\t\t\t\t<div class=\"e-con-inner\">\n\t\t\t\t\t<\/div>\n\t\t\t\t<\/div>\n\t\t<div class=\"elementor-element elementor-element-95a3050 e-flex e-con-boxed e-con e-parent\" data-id=\"95a3050\" data-element_type=\"container\" data-e-type=\"container\" data-settings=\"{&quot;jet_parallax_layout_list&quot;:[]}\">\n\t\t\t\t\t<div class=\"e-con-inner\">\n\t\t\t\t<div class=\"elementor-element elementor-element-f4de8c4 elementor-widget elementor-widget-heading\" data-id=\"f4de8c4\" data-element_type=\"widget\" data-e-type=\"widget\" data-widget_type=\"heading.default\">\n\t\t\t\t<div class=\"elementor-widget-container\">\n\t\t\t\t\t<h2 class=\"elementor-heading-title elementor-size-default\">Data protection<\/h2>\t\t\t\t<\/div>\n\t\t\t\t<\/div>\n\t\t\t\t\t<\/div>\n\t\t\t\t<\/div>\n\t\t\t\t<section class=\"elementor-section elementor-top-section elementor-element elementor-element-4c0adbd elementor-section-boxed elementor-section-height-default elementor-section-height-default\" data-id=\"4c0adbd\" data-element_type=\"section\" data-e-type=\"section\" data-settings=\"{&quot;jet_parallax_layout_list&quot;:[]}\">\n\t\t\t\t\t\t<div class=\"elementor-container elementor-column-gap-default\">\n\t\t\t\t\t<div class=\"elementor-column elementor-col-100 elementor-top-column elementor-element elementor-element-5fb5a6c\" data-id=\"5fb5a6c\" data-element_type=\"column\" data-e-type=\"column\">\n\t\t\t<div class=\"elementor-widget-wrap elementor-element-populated\">\n\t\t\t\t\t\t<div class=\"elementor-element elementor-element-9a91231 elementor-widget elementor-widget-text-editor\" data-id=\"9a91231\" data-element_type=\"widget\" data-e-type=\"widget\" data-widget_type=\"text-editor.default\">\n\t\t\t\t<div class=\"elementor-widget-container\">\n\t\t\t\t\t\t\t\t\t<h3>Privacy policy<\/h3><p>With our privacy notice, we would like to inform you about the types of your personal data (hereinafter also referred to as \u201cdata\u201d) that we process, for what purposes, and to what extent. The privacy notice applies to all processing of personal data carried out by us, both in the context of providing our services and especially on our websites and within external online presences, such as our social media profiles (hereinafter collectively referred to as \u201conline services\u201d).<\/p><p>The terms used are not gender-specific.<\/p><p><strong>Data Controller<\/strong><\/p><p>Talentik GmbH (formally EIT ICT Labs Germany GmbH)<br \/>Genthiner Str. 8<br \/>10785 Berlin<\/p><p>Email address:<span style=\"text-decoration: underline;\"> <a href=\"mailto:info@talentik.ai\" target=\"_blank\" rel=\"noopener\"><span class=\"wixui-rich-text__text\"><span class=\"color_42 wixui-rich-text__text\">info (at) <\/span><\/span><span class=\"wixui-rich-text__text\"><span class=\"color_24 wixui-rich-text__text\">talentik (.) ai<\/span><\/span><\/a><\/span><br \/>Imprint: <span style=\"text-decoration: underline;\"><a href=\"https:\/\/www.talentik.ai\/imprint\" target=\"_blank\" rel=\"noopener\">https:\/\/www.talentik.ai\/impressum<\/a><\/span><\/p><p><strong>Data Protection Officer<\/strong><br \/>Roman Maczkowsky<br \/><a href=\"mailto:datenschutz@talentik.ai\" target=\"_blank\" rel=\"noopener\"><span style=\"text-decoration: underline;\">datenschutz@talentik.de<\/span><\/a><\/p><p><strong>The detailed privacy policy is applicable, which you can review at the following link:<\/strong><\/p><p><a href=\"https:\/\/www.talentik.ai\/privacy-policy\" target=\"_blank\" rel=\"noopener noreferrer nofollow\"><span style=\"text-decoration: underline;\">https:\/\/www.talentik.ai\/datenschutz<\/span><\/a><\/p>\t\t\t\t\t\t\t\t<\/div>\n\t\t\t\t<\/div>\n\t\t\t\t\t<\/div>\n\t\t<\/div>\n\t\t\t\t\t<\/div>\n\t\t<\/section>\n\t\t\t\t<\/div>","protected":false},"excerpt":{"rendered":"<p>Datenschutz Datenschutzerkl\u00e4rung Mit unserer Datenschutzerkl\u00e4rung m\u00f6chten wir dar\u00fcber aufkl\u00e4ren, welche Arten personenbezogener Daten (nachfolgend auch kurz als \u201eDaten\u201c bezeichnet) wir zu welchen Zwecken und in welchem Umfang verarbeiten. Die Datenschutzerkl\u00e4rung gilt f\u00fcr alle von uns durchgef\u00fchrten Verarbeitungen personenbezogener Daten, sowohl im Rahmen der Erbringung unserer Leistungen als auch insbesondere auf unseren Webseiten und innerhalb externer [&hellip;]<\/p>\n","protected":false},"author":1,"featured_media":0,"parent":0,"menu_order":0,"comment_status":"closed","ping_status":"closed","template":"","meta":{"iawp_total_views":157,"footnotes":""},"class_list":["post-3286","page","type-page","status-publish","hentry"],"yoast_head":"<!-- This site is optimized with the Yoast SEO plugin v27.4 - https:\/\/yoast.com\/product\/yoast-seo-wordpress\/ -->\n<title>Datenschutz - AI GRID<\/title>\n<meta name=\"robots\" content=\"index, follow, max-snippet:-1, max-image-preview:large, max-video-preview:-1\" \/>\n<link rel=\"canonical\" href=\"https:\/\/ai-grid.org\/en\/datenschutz\/\" \/>\n<meta property=\"og:locale\" content=\"en_GB\" \/>\n<meta property=\"og:type\" content=\"article\" \/>\n<meta property=\"og:title\" content=\"Datenschutz - AI GRID\" \/>\n<meta property=\"og:description\" content=\"Datenschutz Datenschutzerkl\u00e4rung Mit unserer Datenschutzerkl\u00e4rung m\u00f6chten wir dar\u00fcber aufkl\u00e4ren, welche Arten personenbezogener Daten (nachfolgend auch kurz als \u201eDaten\u201c bezeichnet) wir zu welchen Zwecken und in welchem Umfang verarbeiten. Die Datenschutzerkl\u00e4rung gilt f\u00fcr alle von uns durchgef\u00fchrten Verarbeitungen personenbezogener Daten, sowohl im Rahmen der Erbringung unserer Leistungen als auch insbesondere auf unseren Webseiten und innerhalb externer [&hellip;]\" \/>\n<meta property=\"og:url\" content=\"https:\/\/ai-grid.org\/en\/datenschutz\/\" \/>\n<meta property=\"og:site_name\" content=\"AI GRID\" \/>\n<meta property=\"article:modified_time\" content=\"2026-02-04T13:38:56+00:00\" \/>\n<meta name=\"twitter:card\" content=\"summary_large_image\" \/>\n<meta name=\"twitter:label1\" content=\"Estimated reading time\" \/>\n\t<meta name=\"twitter:data1\" content=\"1 minute\" \/>\n<script type=\"application\/ld+json\" class=\"yoast-schema-graph\">{\"@context\":\"https:\\\/\\\/schema.org\",\"@graph\":[{\"@type\":\"WebPage\",\"@id\":\"https:\\\/\\\/ai-grid.org\\\/datenschutz\\\/\",\"url\":\"https:\\\/\\\/ai-grid.org\\\/datenschutz\\\/\",\"name\":\"Datenschutz - AI GRID\",\"isPartOf\":{\"@id\":\"https:\\\/\\\/ai-grid.org\\\/#website\"},\"datePublished\":\"2024-03-13T14:59:35+00:00\",\"dateModified\":\"2026-02-04T13:38:56+00:00\",\"breadcrumb\":{\"@id\":\"https:\\\/\\\/ai-grid.org\\\/datenschutz\\\/#breadcrumb\"},\"inLanguage\":\"en-GB\",\"potentialAction\":[{\"@type\":\"ReadAction\",\"target\":[\"https:\\\/\\\/ai-grid.org\\\/datenschutz\\\/\"]}]},{\"@type\":\"BreadcrumbList\",\"@id\":\"https:\\\/\\\/ai-grid.org\\\/datenschutz\\\/#breadcrumb\",\"itemListElement\":[{\"@type\":\"ListItem\",\"position\":1,\"name\":\"Startseite\",\"item\":\"https:\\\/\\\/ai-grid.org\\\/\"},{\"@type\":\"ListItem\",\"position\":2,\"name\":\"Datenschutz\"}]},{\"@type\":\"WebSite\",\"@id\":\"https:\\\/\\\/ai-grid.org\\\/#website\",\"url\":\"https:\\\/\\\/ai-grid.org\\\/\",\"name\":\"AI GRID\",\"description\":\"Ein Netzwerk hochrangiger KI-Expert:innen\",\"publisher\":{\"@id\":\"https:\\\/\\\/ai-grid.org\\\/#organization\"},\"potentialAction\":[{\"@type\":\"SearchAction\",\"target\":{\"@type\":\"EntryPoint\",\"urlTemplate\":\"https:\\\/\\\/ai-grid.org\\\/?s={search_term_string}\"},\"query-input\":{\"@type\":\"PropertyValueSpecification\",\"valueRequired\":true,\"valueName\":\"search_term_string\"}}],\"inLanguage\":\"en-GB\"},{\"@type\":\"Organization\",\"@id\":\"https:\\\/\\\/ai-grid.org\\\/#organization\",\"name\":\"AI GRID\",\"url\":\"https:\\\/\\\/ai-grid.org\\\/\",\"logo\":{\"@type\":\"ImageObject\",\"inLanguage\":\"en-GB\",\"@id\":\"https:\\\/\\\/ai-grid.org\\\/#\\\/schema\\\/logo\\\/image\\\/\",\"url\":\"https:\\\/\\\/ai-grid.org\\\/wp-content\\\/uploads\\\/2024\\\/01\\\/220926_AIGrid_Logo_RGB-01-1920w.png\",\"contentUrl\":\"https:\\\/\\\/ai-grid.org\\\/wp-content\\\/uploads\\\/2024\\\/01\\\/220926_AIGrid_Logo_RGB-01-1920w.png\",\"width\":1920,\"height\":1008,\"caption\":\"AI GRID\"},\"image\":{\"@id\":\"https:\\\/\\\/ai-grid.org\\\/#\\\/schema\\\/logo\\\/image\\\/\"}}]}<\/script>\n<!-- \/ Yoast SEO plugin. -->","yoast_head_json":{"title":"Datenschutz - AI GRID","robots":{"index":"index","follow":"follow","max-snippet":"max-snippet:-1","max-image-preview":"max-image-preview:large","max-video-preview":"max-video-preview:-1"},"canonical":"https:\/\/ai-grid.org\/en\/datenschutz\/","og_locale":"en_GB","og_type":"article","og_title":"Datenschutz - AI GRID","og_description":"Datenschutz Datenschutzerkl\u00e4rung Mit unserer Datenschutzerkl\u00e4rung m\u00f6chten wir dar\u00fcber aufkl\u00e4ren, welche Arten personenbezogener Daten (nachfolgend auch kurz als \u201eDaten\u201c bezeichnet) wir zu welchen Zwecken und in welchem Umfang verarbeiten. Die Datenschutzerkl\u00e4rung gilt f\u00fcr alle von uns durchgef\u00fchrten Verarbeitungen personenbezogener Daten, sowohl im Rahmen der Erbringung unserer Leistungen als auch insbesondere auf unseren Webseiten und innerhalb externer [&hellip;]","og_url":"https:\/\/ai-grid.org\/en\/datenschutz\/","og_site_name":"AI GRID","article_modified_time":"2026-02-04T13:38:56+00:00","twitter_card":"summary_large_image","twitter_misc":{"Estimated reading time":"1 minute"},"schema":{"@context":"https:\/\/schema.org","@graph":[{"@type":"WebPage","@id":"https:\/\/ai-grid.org\/datenschutz\/","url":"https:\/\/ai-grid.org\/datenschutz\/","name":"Datenschutz - AI GRID","isPartOf":{"@id":"https:\/\/ai-grid.org\/#website"},"datePublished":"2024-03-13T14:59:35+00:00","dateModified":"2026-02-04T13:38:56+00:00","breadcrumb":{"@id":"https:\/\/ai-grid.org\/datenschutz\/#breadcrumb"},"inLanguage":"en-GB","potentialAction":[{"@type":"ReadAction","target":["https:\/\/ai-grid.org\/datenschutz\/"]}]},{"@type":"BreadcrumbList","@id":"https:\/\/ai-grid.org\/datenschutz\/#breadcrumb","itemListElement":[{"@type":"ListItem","position":1,"name":"Startseite","item":"https:\/\/ai-grid.org\/"},{"@type":"ListItem","position":2,"name":"Datenschutz"}]},{"@type":"WebSite","@id":"https:\/\/ai-grid.org\/#website","url":"https:\/\/ai-grid.org\/","name":"AI GRID","description":"Ein Netzwerk hochrangiger KI-Expert:innen","publisher":{"@id":"https:\/\/ai-grid.org\/#organization"},"potentialAction":[{"@type":"SearchAction","target":{"@type":"EntryPoint","urlTemplate":"https:\/\/ai-grid.org\/?s={search_term_string}"},"query-input":{"@type":"PropertyValueSpecification","valueRequired":true,"valueName":"search_term_string"}}],"inLanguage":"en-GB"},{"@type":"Organization","@id":"https:\/\/ai-grid.org\/#organization","name":"AI GRID","url":"https:\/\/ai-grid.org\/","logo":{"@type":"ImageObject","inLanguage":"en-GB","@id":"https:\/\/ai-grid.org\/#\/schema\/logo\/image\/","url":"https:\/\/ai-grid.org\/wp-content\/uploads\/2024\/01\/220926_AIGrid_Logo_RGB-01-1920w.png","contentUrl":"https:\/\/ai-grid.org\/wp-content\/uploads\/2024\/01\/220926_AIGrid_Logo_RGB-01-1920w.png","width":1920,"height":1008,"caption":"AI GRID"},"image":{"@id":"https:\/\/ai-grid.org\/#\/schema\/logo\/image\/"}}]}},"_links":{"self":[{"href":"https:\/\/ai-grid.org\/en\/wp-json\/wp\/v2\/pages\/3286","targetHints":{"allow":["GET"]}}],"collection":[{"href":"https:\/\/ai-grid.org\/en\/wp-json\/wp\/v2\/pages"}],"about":[{"href":"https:\/\/ai-grid.org\/en\/wp-json\/wp\/v2\/types\/page"}],"author":[{"embeddable":true,"href":"https:\/\/ai-grid.org\/en\/wp-json\/wp\/v2\/users\/1"}],"replies":[{"embeddable":true,"href":"https:\/\/ai-grid.org\/en\/wp-json\/wp\/v2\/comments?post=3286"}],"version-history":[{"count":46,"href":"https:\/\/ai-grid.org\/en\/wp-json\/wp\/v2\/pages\/3286\/revisions"}],"predecessor-version":[{"id":8253,"href":"https:\/\/ai-grid.org\/en\/wp-json\/wp\/v2\/pages\/3286\/revisions\/8253"}],"wp:attachment":[{"href":"https:\/\/ai-grid.org\/en\/wp-json\/wp\/v2\/media?parent=3286"}],"curies":[{"name":"wp","href":"https:\/\/api.w.org\/{rel}","templated":true}]}}