{"id":3284,"date":"2024-03-13T14:59:25","date_gmt":"2024-03-13T14:59:25","guid":{"rendered":"https:\/\/ai-grid.org\/?page_id=3284"},"modified":"2026-02-23T11:03:29","modified_gmt":"2026-02-23T11:03:29","slug":"impressum","status":"publish","type":"page","link":"https:\/\/ai-grid.org\/en\/impressum\/","title":{"rendered":"Imprint"},"content":{"rendered":"<div data-elementor-type=\"wp-page\" data-elementor-id=\"3284\" class=\"elementor elementor-3284\" data-elementor-post-type=\"page\">\n\t\t\t\t<div class=\"elementor-element elementor-element-025c329 e-ecs-flex e-flex e-con-boxed e-con e-parent\" data-id=\"025c329\" data-element_type=\"container\" data-e-type=\"container\" data-settings=\"{&quot;background_background&quot;:&quot;classic&quot;,&quot;jet_parallax_layout_list&quot;:[],&quot;ecs_container_type&quot;:&quot;flex&quot;}\">\n\t\t\t\t\t<div class=\"e-con-inner\">\n\t\t\t\t\t<\/div>\n\t\t\t\t<\/div>\n\t\t<div class=\"elementor-element elementor-element-f0649b3 e-ecs-flex e-flex e-con-boxed e-con e-parent\" data-id=\"f0649b3\" data-element_type=\"container\" data-e-type=\"container\" data-settings=\"{&quot;jet_parallax_layout_list&quot;:[],&quot;ecs_container_type&quot;:&quot;flex&quot;}\">\n\t\t\t\t\t<div class=\"e-con-inner\">\n\t\t\t\t<div class=\"elementor-element elementor-element-7c7a90c elementor-widget elementor-widget-heading\" data-id=\"7c7a90c\" data-element_type=\"widget\" data-e-type=\"widget\" data-widget_type=\"heading.default\">\n\t\t\t\t<div class=\"elementor-widget-container\">\n\t\t\t\t\t<h2 class=\"elementor-heading-title elementor-size-default\">Imprint<\/h2>\t\t\t\t<\/div>\n\t\t\t\t<\/div>\n\t\t\t\t\t<\/div>\n\t\t\t\t<\/div>\n\t\t\t\t<section class=\"elementor-section elementor-top-section elementor-element elementor-element-72efbd0 elementor-section-boxed elementor-section-height-default elementor-section-height-default\" data-id=\"72efbd0\" data-element_type=\"section\" data-e-type=\"section\" data-settings=\"{&quot;jet_parallax_layout_list&quot;:[]}\">\n\t\t\t\t\t\t<div class=\"elementor-container elementor-column-gap-default\">\n\t\t\t\t\t<div class=\"elementor-column elementor-col-100 elementor-top-column elementor-element elementor-element-36266a5\" data-id=\"36266a5\" data-element_type=\"column\" data-e-type=\"column\">\n\t\t\t<div class=\"elementor-widget-wrap elementor-element-populated\">\n\t\t\t\t\t\t<div class=\"elementor-element elementor-element-ce5064a elementor-widget elementor-widget-text-editor\" data-id=\"ce5064a\" data-element_type=\"widget\" data-e-type=\"widget\" data-widget_type=\"text-editor.default\">\n\t\t\t\t<div class=\"elementor-widget-container\">\n\t\t\t\t\t\t\t\t\t<div data-element-type=\"paragraph\" data-version=\"5\"><h3>Responsible<\/h3><\/div><div data-version=\"5\"><p>AI Grid is an initiative funded by the German Federal Ministry for Research, Technology and Space that aims to support young scientists in the field of artificial intelligence. The company Talentik GmbH is implementing the project.<\/p><p><strong>Talentik GmbH<\/strong> (formally EIT ICT Labs Germany GmbH)<br \/>Kesselhaus<br \/>Salzufer 15\/16<br \/>10587 Berlin<\/p><p><a href=\"http:\/\/www.talentik.ai\" target=\"_blank\" rel=\"noopener\">www.talentik.ai<\/a><\/p><p>Tel +49 30 3450 66 90 100<br \/>Fax +49 30 3464 686 11<\/p><p><strong>Managing Director<br \/><\/strong>Stefan Jazdzejewski<\/p><p><strong>Commercial register<br \/><\/strong>Amtsgericht Berlin HRB 131380 BN<\/p><p class=\"translation-block\"><strong><span>VAT-ID<br><\/span><\/strong><span>DE 276949050<\/span><\/p><p><strong>Head office<br \/><\/strong>Berlin<\/p><p>The AI Grid's internet offerings, such as the website and the social media channels, contain links that refer to the Internet pages of other providers. If you follow these links, you will leave the AI Grid's pages. The AI Grid's partners are not responsible for the content of these external sites and assume no liability in this respect.<\/p><p><a href=\"https:\/\/studio-ze.de\/\" target=\"_blank\" rel=\"noopener\">Webdesign: Studio Z\u00e9<\/a><\/p><\/div>\t\t\t\t\t\t\t\t<\/div>\n\t\t\t\t<\/div>\n\t\t\t\t\t<\/div>\n\t\t<\/div>\n\t\t\t\t\t<\/div>\n\t\t<\/section>\n\t\t\t\t<\/div>","protected":false},"excerpt":{"rendered":"<p>Impressum Verantwortlich AI Grid ist eine vom Bundesministerium f\u00fcr Forschung, Technologie und Raumfahrt (BMFTR) gef\u00f6rderte Initiative, die Nachwuchswissenschaftler:innen im Bereich der k\u00fcnstlichen Intelligenz unterst\u00fctzen soll. Die Firma Talentik GmbH f\u00fchrt das Projekt durch. Talentik GmbH (vormals EIT ICT Labs Germany GmbH)KesselhausSalzufer 15\/1610587 Berlin www.talentik.ai Tel +49 30 3450 66 90 100Fax +49 30 3464 686 [&hellip;]<\/p>\n","protected":false},"author":1,"featured_media":0,"parent":0,"menu_order":0,"comment_status":"closed","ping_status":"closed","template":"","meta":{"iawp_total_views":350,"footnotes":""},"class_list":["post-3284","page","type-page","status-publish","hentry"],"yoast_head":"<!-- This site is optimized with the Yoast SEO plugin v27.6 - https:\/\/yoast.com\/product\/yoast-seo-wordpress\/ -->\n<title>Impressum - AI GRID<\/title>\n<meta name=\"robots\" content=\"index, follow, max-snippet:-1, max-image-preview:large, max-video-preview:-1\" \/>\n<link rel=\"canonical\" href=\"https:\/\/ai-grid.org\/en\/impressum\/\" \/>\n<meta property=\"og:locale\" content=\"en_GB\" \/>\n<meta property=\"og:type\" content=\"article\" \/>\n<meta property=\"og:title\" content=\"Impressum - AI GRID\" \/>\n<meta property=\"og:description\" content=\"Impressum Verantwortlich AI Grid ist eine vom Bundesministerium f\u00fcr Forschung, Technologie und Raumfahrt (BMFTR) gef\u00f6rderte Initiative, die Nachwuchswissenschaftler:innen im Bereich der k\u00fcnstlichen Intelligenz unterst\u00fctzen soll. Die Firma Talentik GmbH f\u00fchrt das Projekt durch. Talentik GmbH (vormals EIT ICT Labs Germany GmbH)KesselhausSalzufer 15\/1610587 Berlin www.talentik.ai Tel +49 30 3450 66 90 100Fax +49 30 3464 686 [&hellip;]\" \/>\n<meta property=\"og:url\" content=\"https:\/\/ai-grid.org\/en\/impressum\/\" \/>\n<meta property=\"og:site_name\" content=\"AI GRID\" \/>\n<meta property=\"article:modified_time\" content=\"2026-02-23T11:03:29+00:00\" \/>\n<meta name=\"twitter:card\" content=\"summary_large_image\" \/>\n<meta name=\"twitter:label1\" content=\"Estimated reading time\" \/>\n\t<meta name=\"twitter:data1\" content=\"1 minute\" \/>\n<script type=\"application\/ld+json\" class=\"yoast-schema-graph\">{\"@context\":\"https:\\\/\\\/schema.org\",\"@graph\":[{\"@type\":\"WebPage\",\"@id\":\"https:\\\/\\\/ai-grid.org\\\/impressum\\\/\",\"url\":\"https:\\\/\\\/ai-grid.org\\\/impressum\\\/\",\"name\":\"Impressum - AI GRID\",\"isPartOf\":{\"@id\":\"https:\\\/\\\/ai-grid.org\\\/#website\"},\"datePublished\":\"2024-03-13T14:59:25+00:00\",\"dateModified\":\"2026-02-23T11:03:29+00:00\",\"breadcrumb\":{\"@id\":\"https:\\\/\\\/ai-grid.org\\\/impressum\\\/#breadcrumb\"},\"inLanguage\":\"en-GB\",\"potentialAction\":[{\"@type\":\"ReadAction\",\"target\":[\"https:\\\/\\\/ai-grid.org\\\/impressum\\\/\"]}]},{\"@type\":\"BreadcrumbList\",\"@id\":\"https:\\\/\\\/ai-grid.org\\\/impressum\\\/#breadcrumb\",\"itemListElement\":[{\"@type\":\"ListItem\",\"position\":1,\"name\":\"Startseite\",\"item\":\"https:\\\/\\\/ai-grid.org\\\/\"},{\"@type\":\"ListItem\",\"position\":2,\"name\":\"Impressum\"}]},{\"@type\":\"WebSite\",\"@id\":\"https:\\\/\\\/ai-grid.org\\\/#website\",\"url\":\"https:\\\/\\\/ai-grid.org\\\/\",\"name\":\"AI GRID\",\"description\":\"Ein Netzwerk hochrangiger KI-Expert:innen\",\"publisher\":{\"@id\":\"https:\\\/\\\/ai-grid.org\\\/#organization\"},\"potentialAction\":[{\"@type\":\"SearchAction\",\"target\":{\"@type\":\"EntryPoint\",\"urlTemplate\":\"https:\\\/\\\/ai-grid.org\\\/?s={search_term_string}\"},\"query-input\":{\"@type\":\"PropertyValueSpecification\",\"valueRequired\":true,\"valueName\":\"search_term_string\"}}],\"inLanguage\":\"en-GB\"},{\"@type\":\"Organization\",\"@id\":\"https:\\\/\\\/ai-grid.org\\\/#organization\",\"name\":\"AI GRID\",\"url\":\"https:\\\/\\\/ai-grid.org\\\/\",\"logo\":{\"@type\":\"ImageObject\",\"inLanguage\":\"en-GB\",\"@id\":\"https:\\\/\\\/ai-grid.org\\\/#\\\/schema\\\/logo\\\/image\\\/\",\"url\":\"https:\\\/\\\/ai-grid.org\\\/wp-content\\\/uploads\\\/2024\\\/01\\\/220926_AIGrid_Logo_RGB-01-1920w.png\",\"contentUrl\":\"https:\\\/\\\/ai-grid.org\\\/wp-content\\\/uploads\\\/2024\\\/01\\\/220926_AIGrid_Logo_RGB-01-1920w.png\",\"width\":1920,\"height\":1008,\"caption\":\"AI GRID\"},\"image\":{\"@id\":\"https:\\\/\\\/ai-grid.org\\\/#\\\/schema\\\/logo\\\/image\\\/\"}}]}<\/script>\n<!-- \/ Yoast SEO plugin. -->","yoast_head_json":{"title":"Impressum - AI GRID","robots":{"index":"index","follow":"follow","max-snippet":"max-snippet:-1","max-image-preview":"max-image-preview:large","max-video-preview":"max-video-preview:-1"},"canonical":"https:\/\/ai-grid.org\/en\/impressum\/","og_locale":"en_GB","og_type":"article","og_title":"Impressum - AI GRID","og_description":"Impressum Verantwortlich AI Grid ist eine vom Bundesministerium f\u00fcr Forschung, Technologie und Raumfahrt (BMFTR) gef\u00f6rderte Initiative, die Nachwuchswissenschaftler:innen im Bereich der k\u00fcnstlichen Intelligenz unterst\u00fctzen soll. Die Firma Talentik GmbH f\u00fchrt das Projekt durch. Talentik GmbH (vormals EIT ICT Labs Germany GmbH)KesselhausSalzufer 15\/1610587 Berlin www.talentik.ai Tel +49 30 3450 66 90 100Fax +49 30 3464 686 [&hellip;]","og_url":"https:\/\/ai-grid.org\/en\/impressum\/","og_site_name":"AI GRID","article_modified_time":"2026-02-23T11:03:29+00:00","twitter_card":"summary_large_image","twitter_misc":{"Estimated reading time":"1 minute"},"schema":{"@context":"https:\/\/schema.org","@graph":[{"@type":"WebPage","@id":"https:\/\/ai-grid.org\/impressum\/","url":"https:\/\/ai-grid.org\/impressum\/","name":"Impressum - AI GRID","isPartOf":{"@id":"https:\/\/ai-grid.org\/#website"},"datePublished":"2024-03-13T14:59:25+00:00","dateModified":"2026-02-23T11:03:29+00:00","breadcrumb":{"@id":"https:\/\/ai-grid.org\/impressum\/#breadcrumb"},"inLanguage":"en-GB","potentialAction":[{"@type":"ReadAction","target":["https:\/\/ai-grid.org\/impressum\/"]}]},{"@type":"BreadcrumbList","@id":"https:\/\/ai-grid.org\/impressum\/#breadcrumb","itemListElement":[{"@type":"ListItem","position":1,"name":"Startseite","item":"https:\/\/ai-grid.org\/"},{"@type":"ListItem","position":2,"name":"Impressum"}]},{"@type":"WebSite","@id":"https:\/\/ai-grid.org\/#website","url":"https:\/\/ai-grid.org\/","name":"AI GRID","description":"Ein Netzwerk hochrangiger KI-Expert:innen","publisher":{"@id":"https:\/\/ai-grid.org\/#organization"},"potentialAction":[{"@type":"SearchAction","target":{"@type":"EntryPoint","urlTemplate":"https:\/\/ai-grid.org\/?s={search_term_string}"},"query-input":{"@type":"PropertyValueSpecification","valueRequired":true,"valueName":"search_term_string"}}],"inLanguage":"en-GB"},{"@type":"Organization","@id":"https:\/\/ai-grid.org\/#organization","name":"AI GRID","url":"https:\/\/ai-grid.org\/","logo":{"@type":"ImageObject","inLanguage":"en-GB","@id":"https:\/\/ai-grid.org\/#\/schema\/logo\/image\/","url":"https:\/\/ai-grid.org\/wp-content\/uploads\/2024\/01\/220926_AIGrid_Logo_RGB-01-1920w.png","contentUrl":"https:\/\/ai-grid.org\/wp-content\/uploads\/2024\/01\/220926_AIGrid_Logo_RGB-01-1920w.png","width":1920,"height":1008,"caption":"AI GRID"},"image":{"@id":"https:\/\/ai-grid.org\/#\/schema\/logo\/image\/"}}]}},"_links":{"self":[{"href":"https:\/\/ai-grid.org\/en\/wp-json\/wp\/v2\/pages\/3284","targetHints":{"allow":["GET"]}}],"collection":[{"href":"https:\/\/ai-grid.org\/en\/wp-json\/wp\/v2\/pages"}],"about":[{"href":"https:\/\/ai-grid.org\/en\/wp-json\/wp\/v2\/types\/page"}],"author":[{"embeddable":true,"href":"https:\/\/ai-grid.org\/en\/wp-json\/wp\/v2\/users\/1"}],"replies":[{"embeddable":true,"href":"https:\/\/ai-grid.org\/en\/wp-json\/wp\/v2\/comments?post=3284"}],"version-history":[{"count":70,"href":"https:\/\/ai-grid.org\/en\/wp-json\/wp\/v2\/pages\/3284\/revisions"}],"predecessor-version":[{"id":8777,"href":"https:\/\/ai-grid.org\/en\/wp-json\/wp\/v2\/pages\/3284\/revisions\/8777"}],"wp:attachment":[{"href":"https:\/\/ai-grid.org\/en\/wp-json\/wp\/v2\/media?parent=3284"}],"curies":[{"name":"wp","href":"https:\/\/api.w.org\/{rel}","templated":true}]}}