{"id":1252,"date":"2024-01-29T10:30:25","date_gmt":"2024-01-29T10:30:25","guid":{"rendered":"https:\/\/ai-grid.org\/?page_id=1252"},"modified":"2024-02-12T13:44:50","modified_gmt":"2024-02-12T13:44:50","slug":"mitglieder","status":"publish","type":"page","link":"https:\/\/ai-grid.org\/en\/mitglieder\/","title":{"rendered":"Members"},"content":{"rendered":"\t\t<div data-elementor-type=\"wp-page\" data-elementor-id=\"1252\" class=\"elementor elementor-1252\" data-elementor-post-type=\"page\">\n\t\t\t\t\t\t<section class=\"elementor-section elementor-top-section elementor-element elementor-element-b3062a5 elementor-section-content-top elementor-section-boxed elementor-section-height-default elementor-section-height-default\" data-id=\"b3062a5\" data-element_type=\"section\" data-e-type=\"section\" data-settings=\"{&quot;background_background&quot;:&quot;classic&quot;,&quot;jet_parallax_layout_list&quot;:[],&quot;shape_divider_bottom&quot;:&quot;pyramids&quot;}\">\n\t\t\t\t\t\t\t<div class=\"elementor-background-overlay\"><\/div>\n\t\t\t\t\t\t<div class=\"elementor-shape elementor-shape-bottom\" aria-hidden=\"true\" data-negative=\"false\">\n\t\t\t<svg xmlns=\"http:\/\/www.w3.org\/2000\/svg\" viewBox=\"0 0 1000 100\" preserveAspectRatio=\"none\">\n\t<path class=\"elementor-shape-fill\" d=\"M761.9,44.1L643.1,27.2L333.8,98L0,3.8V0l1000,0v3.9\"\/>\n<\/svg>\t\t<\/div>\n\t\t\t\t\t<div class=\"elementor-container elementor-column-gap-default\">\n\t\t\t\t\t<div class=\"elementor-column elementor-col-100 elementor-top-column elementor-element elementor-element-21b4d5d\" data-id=\"21b4d5d\" data-element_type=\"column\" data-e-type=\"column\" data-settings=\"{&quot;background_background&quot;:&quot;classic&quot;}\">\n\t\t\t<div class=\"elementor-widget-wrap elementor-element-populated\">\n\t\t\t\t\t\t<section class=\"elementor-section elementor-inner-section elementor-element elementor-element-86a39a2 elementor-section-height-min-height elementor-section-content-bottom elementor-section-boxed elementor-section-height-default\" data-id=\"86a39a2\" data-element_type=\"section\" data-e-type=\"section\" data-settings=\"{&quot;jet_parallax_layout_list&quot;:[]}\">\n\t\t\t\t\t\t<div class=\"elementor-container elementor-column-gap-default\">\n\t\t\t\t\t<div class=\"elementor-column elementor-col-100 elementor-inner-column elementor-element elementor-element-6247418\" data-id=\"6247418\" data-element_type=\"column\" data-e-type=\"column\" data-settings=\"{&quot;background_background&quot;:&quot;classic&quot;}\">\n\t\t\t<div class=\"elementor-widget-wrap elementor-element-populated\">\n\t\t\t\t\t\t<div class=\"elementor-element elementor-element-804182c elementor-widget elementor-widget-heading\" data-id=\"804182c\" data-element_type=\"widget\" data-e-type=\"widget\" data-widget_type=\"heading.default\">\n\t\t\t\t<div class=\"elementor-widget-container\">\n\t\t\t\t\t<h2 class=\"elementor-heading-title elementor-size-default\">Unsere Mitglieder<\/h2>\t\t\t\t<\/div>\n\t\t\t\t<\/div>\n\t\t\t\t<div class=\"elementor-element elementor-element-86e56cc elementor-widget elementor-widget-button\" data-id=\"86e56cc\" data-element_type=\"widget\" data-e-type=\"widget\" data-widget_type=\"button.default\">\n\t\t\t\t<div class=\"elementor-widget-container\">\n\t\t\t\t\t\t\t\t\t<div class=\"elementor-button-wrapper\">\n\t\t\t\t\t<a class=\"elementor-button elementor-button-link elementor-size-sm\" href=\"https:\/\/community.ai-grid.org\/LandingPage.aspx?ReturnUrl=%2fViews%2fTopicOverviewApplicantVx.aspx\" target=\"_blank\">\n\t\t\t\t\t\t<span class=\"elementor-button-content-wrapper\">\n\t\t\t\t\t\t\t\t\t<span class=\"elementor-button-text\">Anmelden \u2192<\/span>\n\t\t\t\t\t<\/span>\n\t\t\t\t\t<\/a>\n\t\t\t\t<\/div>\n\t\t\t\t\t\t\t\t<\/div>\n\t\t\t\t<\/div>\n\t\t\t\t\t<\/div>\n\t\t<\/div>\n\t\t\t\t\t<\/div>\n\t\t<\/section>\n\t\t\t\t<div class=\"elementor-element elementor-element-cfec699 elementor-widget__width-initial elementor-invisible elementor-widget elementor-widget-text-editor\" data-id=\"cfec699\" data-element_type=\"widget\" data-e-type=\"widget\" data-settings=\"{&quot;_animation&quot;:&quot;fadeInUp&quot;}\" data-widget_type=\"text-editor.default\">\n\t\t\t\t<div class=\"elementor-widget-container\">\n\t\t\t\t\t\t\t\t\t<p class=\"m-size-14 size-17\">AI Grid hat zum Ziel, Nachwuchswissenschaftler:innen im Bereich der K\u00fcnstlichen Intelligenz durch Kooperations- und Netzwerkaktivit\u00e4ten zu unterst\u00fctzen.<\/p>\t\t\t\t\t\t\t\t<\/div>\n\t\t\t\t<\/div>\n\t\t\t\t\t<\/div>\n\t\t<\/div>\n\t\t\t\t\t<\/div>\n\t\t<\/section>\n\t\t\t\t<section class=\"elementor-section elementor-top-section elementor-element elementor-element-3860d3a elementor-section-content-middle elementor-section-boxed elementor-section-height-default elementor-section-height-default\" data-id=\"3860d3a\" data-element_type=\"section\" data-e-type=\"section\" data-settings=\"{&quot;jet_parallax_layout_list&quot;:[],&quot;background_background&quot;:&quot;classic&quot;}\">\n\t\t\t\t\t\t\t<div class=\"elementor-background-overlay\"><\/div>\n\t\t\t\t\t\t\t<div class=\"elementor-container elementor-column-gap-no\">\n\t\t\t\t\t<div class=\"elementor-column elementor-col-100 elementor-top-column elementor-element elementor-element-de6dad8\" data-id=\"de6dad8\" data-element_type=\"column\" data-e-type=\"column\">\n\t\t\t<div class=\"elementor-widget-wrap elementor-element-populated\">\n\t\t\t\t\t\t<div class=\"elementor-element elementor-element-91a39bd elementor-widget elementor-widget-image\" data-id=\"91a39bd\" data-element_type=\"widget\" data-e-type=\"widget\" data-widget_type=\"image.default\">\n\t\t\t\t<div class=\"elementor-widget-container\">\n\t\t\t\t\t\t\t\t\t\t\t\t\t\t\t<img fetchpriority=\"high\" decoding=\"async\" width=\"800\" height=\"608\" src=\"https:\/\/ai-grid.org\/wp-content\/uploads\/2024\/02\/Bildschirmfoto2024-01-16um11.54.38-2880w-1024x778.webp\" class=\"attachment-large size-large wp-image-2479\" alt=\"\" srcset=\"https:\/\/ai-grid.org\/wp-content\/uploads\/2024\/02\/Bildschirmfoto2024-01-16um11.54.38-2880w-1024x778.webp 1024w, https:\/\/ai-grid.org\/wp-content\/uploads\/2024\/02\/Bildschirmfoto2024-01-16um11.54.38-2880w-300x228.webp 300w, https:\/\/ai-grid.org\/wp-content\/uploads\/2024\/02\/Bildschirmfoto2024-01-16um11.54.38-2880w-768x584.webp 768w, https:\/\/ai-grid.org\/wp-content\/uploads\/2024\/02\/Bildschirmfoto2024-01-16um11.54.38-2880w-1536x1167.webp 1536w, https:\/\/ai-grid.org\/wp-content\/uploads\/2024\/02\/Bildschirmfoto2024-01-16um11.54.38-2880w.webp 1842w\" sizes=\"(max-width: 800px) 100vw, 800px\" \/>\t\t\t\t\t\t\t\t\t\t\t\t\t\t\t<\/div>\n\t\t\t\t<\/div>\n\t\t\t\t<div class=\"elementor-element elementor-element-8ef9a2d elementor-widget elementor-widget-icon-box\" data-id=\"8ef9a2d\" data-element_type=\"widget\" data-e-type=\"widget\" data-widget_type=\"icon-box.default\">\n\t\t\t\t<div class=\"elementor-widget-container\">\n\t\t\t\t\t\t\t<div class=\"elementor-icon-box-wrapper\">\n\n\t\t\t\n\t\t\t\t\t\t<div class=\"elementor-icon-box-content\">\n\n\t\t\t\t\n\t\t\t\t\t\t\t\t\t<p class=\"elementor-icon-box-description\">\n\t\t\t\t\t\tDie ausgew\u00e4hlten Teilnehmer:innen, sogenannte \u201cAI Grid Members\u201d, werden in hochspezialisierten Mikro-Fachgemeinschaften (MFG) zusammengebracht, um den Austausch und Synergien in ihrem Fachgebiet zu verst\u00e4rken.\n<br><br>\nHier findest Du Beitr\u00e4ge und Interviews von unseren Mitgliedern, die ihre Erfahrungen mit dem Netzwerk AI Grid teilen. Sie lernen voneinander und profitieren vom Austausch zwischen Wissenschaft und Wirtschaft. Wir begleiten sie auf ihrem Weg!\t\t\t\t\t<\/p>\n\t\t\t\t\n\t\t\t<\/div>\n\t\t\t\n\t\t<\/div>\n\t\t\t\t\t\t<\/div>\n\t\t\t\t<\/div>\n\t\t\t\t\t<\/div>\n\t\t<\/div>\n\t\t\t\t\t<\/div>\n\t\t<\/section>\n\t\t\t\t<section class=\"elementor-section elementor-top-section elementor-element elementor-element-a17ed63 elementor-section-content-top elementor-section-boxed elementor-section-height-default elementor-section-height-default\" data-id=\"a17ed63\" data-element_type=\"section\" data-e-type=\"section\" data-settings=\"{&quot;background_background&quot;:&quot;classic&quot;,&quot;jet_parallax_layout_list&quot;:[],&quot;shape_divider_top&quot;:&quot;pyramids&quot;,&quot;shape_divider_bottom&quot;:&quot;pyramids&quot;}\">\n\t\t\t\t\t\t\t<div class=\"elementor-background-overlay\"><\/div>\n\t\t\t\t\t\t<div class=\"elementor-shape elementor-shape-top\" aria-hidden=\"true\" data-negative=\"false\">\n\t\t\t<svg xmlns=\"http:\/\/www.w3.org\/2000\/svg\" viewBox=\"0 0 1000 100\" preserveAspectRatio=\"none\">\n\t<path class=\"elementor-shape-fill\" d=\"M761.9,44.1L643.1,27.2L333.8,98L0,3.8V0l1000,0v3.9\"\/>\n<\/svg>\t\t<\/div>\n\t\t\t\t<div class=\"elementor-shape elementor-shape-bottom\" aria-hidden=\"true\" data-negative=\"false\">\n\t\t\t<svg xmlns=\"http:\/\/www.w3.org\/2000\/svg\" viewBox=\"0 0 1000 100\" preserveAspectRatio=\"none\">\n\t<path class=\"elementor-shape-fill\" d=\"M761.9,44.1L643.1,27.2L333.8,98L0,3.8V0l1000,0v3.9\"\/>\n<\/svg>\t\t<\/div>\n\t\t\t\t\t<div class=\"elementor-container elementor-column-gap-default\">\n\t\t\t\t\t<div class=\"elementor-column elementor-col-100 elementor-top-column elementor-element elementor-element-b61ab79\" data-id=\"b61ab79\" data-element_type=\"column\" data-e-type=\"column\" data-settings=\"{&quot;background_background&quot;:&quot;classic&quot;}\">\n\t\t\t<div class=\"elementor-widget-wrap elementor-element-populated\">\n\t\t\t\t\t\t<section class=\"elementor-section elementor-inner-section elementor-element elementor-element-7ee4d0d elementor-section-content-bottom animated-slow elementor-section-boxed elementor-section-height-default elementor-section-height-default elementor-invisible\" data-id=\"7ee4d0d\" data-element_type=\"section\" data-e-type=\"section\" data-settings=\"{&quot;jet_parallax_layout_list&quot;:[],&quot;motion_fx_motion_fx_scrolling&quot;:&quot;yes&quot;,&quot;animation&quot;:&quot;fadeInUp&quot;,&quot;motion_fx_devices&quot;:[&quot;desktop&quot;,&quot;tablet&quot;,&quot;mobile&quot;]}\">\n\t\t\t\t\t\t<div class=\"elementor-container elementor-column-gap-default\">\n\t\t\t\t\t<div class=\"elementor-column elementor-col-100 elementor-inner-column elementor-element elementor-element-ee7ae04\" data-id=\"ee7ae04\" data-element_type=\"column\" data-e-type=\"column\" data-settings=\"{&quot;background_background&quot;:&quot;classic&quot;}\">\n\t\t\t<div class=\"elementor-widget-wrap elementor-element-populated\">\n\t\t\t\t\t\t<div class=\"elementor-element elementor-element-77df47c elementor-widget elementor-widget-heading\" data-id=\"77df47c\" data-element_type=\"widget\" data-e-type=\"widget\" data-widget_type=\"heading.default\">\n\t\t\t\t<div class=\"elementor-widget-container\">\n\t\t\t\t\t<h2 class=\"elementor-heading-title elementor-size-default\">Gib Deiner Karriere einen Kick !<\/h2>\t\t\t\t<\/div>\n\t\t\t\t<\/div>\n\t\t\t\t<div class=\"elementor-element elementor-element-f5c68cd elementor-align-center elementor-widget elementor-widget-button\" data-id=\"f5c68cd\" data-element_type=\"widget\" data-e-type=\"widget\" data-widget_type=\"button.default\">\n\t\t\t\t<div class=\"elementor-widget-container\">\n\t\t\t\t\t\t\t\t\t<div class=\"elementor-button-wrapper\">\n\t\t\t\t\t<a class=\"elementor-button elementor-button-link elementor-size-xl\" href=\"https:\/\/community.ai-grid.org\/LandingPage.aspx?ReturnUrl=%2f\" target=\"_blank\">\n\t\t\t\t\t\t<span class=\"elementor-button-content-wrapper\">\n\t\t\t\t\t\t\t\t\t<span class=\"elementor-button-text\">Jetzt Bewerben \u2192<\/span>\n\t\t\t\t\t<\/span>\n\t\t\t\t\t<\/a>\n\t\t\t\t<\/div>\n\t\t\t\t\t\t\t\t<\/div>\n\t\t\t\t<\/div>\n\t\t\t\t\t<\/div>\n\t\t<\/div>\n\t\t\t\t\t<\/div>\n\t\t<\/section>\n\t\t\t\t\t<\/div>\n\t\t<\/div>\n\t\t\t\t\t<\/div>\n\t\t<\/section>\n\t\t\t\t<section class=\"elementor-section elementor-top-section elementor-element elementor-element-bb91596 elementor-section-content-middle elementor-section-boxed elementor-section-height-default elementor-section-height-default\" data-id=\"bb91596\" data-element_type=\"section\" data-e-type=\"section\" data-settings=\"{&quot;jet_parallax_layout_list&quot;:[],&quot;background_background&quot;:&quot;classic&quot;}\">\n\t\t\t\t\t\t\t<div class=\"elementor-background-overlay\"><\/div>\n\t\t\t\t\t\t\t<div class=\"elementor-container elementor-column-gap-no\">\n\t\t\t\t\t<div class=\"elementor-column elementor-col-100 elementor-top-column elementor-element elementor-element-717e146\" data-id=\"717e146\" data-element_type=\"column\" data-e-type=\"column\">\n\t\t\t<div class=\"elementor-widget-wrap elementor-element-populated\">\n\t\t\t\t\t\t<div class=\"elementor-element elementor-element-f832923 elementor-widget elementor-widget-icon-box\" data-id=\"f832923\" data-element_type=\"widget\" data-e-type=\"widget\" data-widget_type=\"icon-box.default\">\n\t\t\t\t<div class=\"elementor-widget-container\">\n\t\t\t\t\t\t\t<div class=\"elementor-icon-box-wrapper\">\n\n\t\t\t\n\t\t\t\t\t\t<div class=\"elementor-icon-box-content\">\n\n\t\t\t\t\t\t\t\t\t<h2 class=\"elementor-icon-box-title\">\n\t\t\t\t\t\t<span  >\n\t\t\t\t\t\t\tTreffpunkt der Talente: Wie das AI Grid  Deutschlands KI-Community belebt\t\t\t\t\t\t<\/span>\n\t\t\t\t\t<\/h2>\n\t\t\t\t\n\t\t\t\t\t\t\t\t\t<p class=\"elementor-icon-box-description\">\n\t\t\t\t\t\tDas AI Grid wird am besten von den Forschern selbst beschrieben, die es am meisten sch\u00e4tzen. Was kann man von unserem Netzwerk erwarten und welche M\u00f6glichkeiten ergeben sich zwischen den Mitgliedern?\n\n\ufeff<br><br>\n\nHassan Hussein, Teilnehmer des AI Grid, sieht die organisierten Science and Innovation Tours als Chance zur Weiterentwicklung: \u201eDie Science Tours und Workshops sind wirklich hilfreich, denn ich lerne auch von meinen Kolleg*innen, die unterschiedliche Forschungsperspektiven betrachten\u201c. Diese Interaktion f\u00fchrt zu einer interdisziplin\u00e4ren Synergie, die sich im individuellen Alltag nur selten ergibt.\t\t\t\t\t<\/p>\n\t\t\t\t\n\t\t\t<\/div>\n\t\t\t\n\t\t<\/div>\n\t\t\t\t\t\t<\/div>\n\t\t\t\t<\/div>\n\t\t\t\t\t<\/div>\n\t\t<\/div>\n\t\t\t\t\t<\/div>\n\t\t<\/section>\n\t\t\t\t<\/div>\n\t\t","protected":false},"excerpt":{"rendered":"<p>Unsere Mitglieder Anmelden \u2192 AI Grid hat zum Ziel, Nachwuchswissenschaftler:innen im Bereich der K\u00fcnstlichen Intelligenz durch Kooperations- und Netzwerkaktivit\u00e4ten zu unterst\u00fctzen. Die ausgew\u00e4hlten Teilnehmer:innen, sogenannte \u201cAI Grid Members\u201d, werden in hochspezialisierten Mikro-Fachgemeinschaften (MFG) zusammengebracht, um den Austausch und Synergien in ihrem Fachgebiet zu verst\u00e4rken. Hier findest Du Beitr\u00e4ge und Interviews von unseren Mitgliedern, die ihre [&hellip;]<\/p>\n","protected":false},"author":1,"featured_media":0,"parent":0,"menu_order":0,"comment_status":"closed","ping_status":"closed","template":"","meta":{"iawp_total_views":2,"footnotes":""},"class_list":["post-1252","page","type-page","status-publish","hentry"],"yoast_head":"<!-- This site is optimized with the Yoast SEO plugin v27.5 - https:\/\/yoast.com\/product\/yoast-seo-wordpress\/ -->\n<title>Mitglieder - AI GRID<\/title>\n<meta name=\"robots\" content=\"index, follow, max-snippet:-1, max-image-preview:large, max-video-preview:-1\" \/>\n<link rel=\"canonical\" href=\"https:\/\/aigrid-qlcxw4e9ng.live-website.com\/mitglieder\/\" \/>\n<meta property=\"og:locale\" content=\"en_GB\" \/>\n<meta property=\"og:type\" content=\"article\" \/>\n<meta property=\"og:title\" content=\"Mitglieder - AI GRID\" \/>\n<meta property=\"og:description\" content=\"Unsere Mitglieder Anmelden \u2192 AI Grid hat zum Ziel, Nachwuchswissenschaftler:innen im Bereich der K\u00fcnstlichen Intelligenz durch Kooperations- und Netzwerkaktivit\u00e4ten zu unterst\u00fctzen. Die ausgew\u00e4hlten Teilnehmer:innen, sogenannte \u201cAI Grid Members\u201d, werden in hochspezialisierten Mikro-Fachgemeinschaften (MFG) zusammengebracht, um den Austausch und Synergien in ihrem Fachgebiet zu verst\u00e4rken. Hier findest Du Beitr\u00e4ge und Interviews von unseren Mitgliedern, die ihre [&hellip;]\" \/>\n<meta property=\"og:url\" content=\"https:\/\/aigrid-qlcxw4e9ng.live-website.com\/mitglieder\/\" \/>\n<meta property=\"og:site_name\" content=\"AI GRID\" \/>\n<meta property=\"article:modified_time\" content=\"2024-02-12T13:44:50+00:00\" \/>\n<meta property=\"og:image\" content=\"https:\/\/aigrid-qlcxw4e9ng.live-website.com\/wp-content\/uploads\/2024\/02\/Bildschirmfoto2024-01-16um11.54.38-2880w-1024x778.webp\" \/>\n<meta name=\"twitter:card\" content=\"summary_large_image\" \/>\n<meta name=\"twitter:label1\" content=\"Estimated reading time\" \/>\n\t<meta name=\"twitter:data1\" content=\"1 minute\" \/>\n<script type=\"application\/ld+json\" class=\"yoast-schema-graph\">{\"@context\":\"https:\\\/\\\/schema.org\",\"@graph\":[{\"@type\":\"WebPage\",\"@id\":\"https:\\\/\\\/aigrid-qlcxw4e9ng.live-website.com\\\/mitglieder\\\/\",\"url\":\"https:\\\/\\\/aigrid-qlcxw4e9ng.live-website.com\\\/mitglieder\\\/\",\"name\":\"Mitglieder - AI GRID\",\"isPartOf\":{\"@id\":\"https:\\\/\\\/ai-grid.org\\\/#website\"},\"primaryImageOfPage\":{\"@id\":\"https:\\\/\\\/aigrid-qlcxw4e9ng.live-website.com\\\/mitglieder\\\/#primaryimage\"},\"image\":{\"@id\":\"https:\\\/\\\/aigrid-qlcxw4e9ng.live-website.com\\\/mitglieder\\\/#primaryimage\"},\"thumbnailUrl\":\"https:\\\/\\\/ai-grid.org\\\/wp-content\\\/uploads\\\/2024\\\/02\\\/Bildschirmfoto2024-01-16um11.54.38-2880w-1024x778.webp\",\"datePublished\":\"2024-01-29T10:30:25+00:00\",\"dateModified\":\"2024-02-12T13:44:50+00:00\",\"breadcrumb\":{\"@id\":\"https:\\\/\\\/aigrid-qlcxw4e9ng.live-website.com\\\/mitglieder\\\/#breadcrumb\"},\"inLanguage\":\"en-GB\",\"potentialAction\":[{\"@type\":\"ReadAction\",\"target\":[\"https:\\\/\\\/aigrid-qlcxw4e9ng.live-website.com\\\/mitglieder\\\/\"]}]},{\"@type\":\"ImageObject\",\"inLanguage\":\"en-GB\",\"@id\":\"https:\\\/\\\/aigrid-qlcxw4e9ng.live-website.com\\\/mitglieder\\\/#primaryimage\",\"url\":\"https:\\\/\\\/ai-grid.org\\\/wp-content\\\/uploads\\\/2024\\\/02\\\/Bildschirmfoto2024-01-16um11.54.38-2880w-1024x778.webp\",\"contentUrl\":\"https:\\\/\\\/ai-grid.org\\\/wp-content\\\/uploads\\\/2024\\\/02\\\/Bildschirmfoto2024-01-16um11.54.38-2880w-1024x778.webp\"},{\"@type\":\"BreadcrumbList\",\"@id\":\"https:\\\/\\\/aigrid-qlcxw4e9ng.live-website.com\\\/mitglieder\\\/#breadcrumb\",\"itemListElement\":[{\"@type\":\"ListItem\",\"position\":1,\"name\":\"Startseite\",\"item\":\"https:\\\/\\\/ai-grid.org\\\/\"},{\"@type\":\"ListItem\",\"position\":2,\"name\":\"Mitglieder\"}]},{\"@type\":\"WebSite\",\"@id\":\"https:\\\/\\\/ai-grid.org\\\/#website\",\"url\":\"https:\\\/\\\/ai-grid.org\\\/\",\"name\":\"AI GRID\",\"description\":\"Ein Netzwerk hochrangiger KI-Expert:innen\",\"publisher\":{\"@id\":\"https:\\\/\\\/ai-grid.org\\\/#organization\"},\"potentialAction\":[{\"@type\":\"SearchAction\",\"target\":{\"@type\":\"EntryPoint\",\"urlTemplate\":\"https:\\\/\\\/ai-grid.org\\\/?s={search_term_string}\"},\"query-input\":{\"@type\":\"PropertyValueSpecification\",\"valueRequired\":true,\"valueName\":\"search_term_string\"}}],\"inLanguage\":\"en-GB\"},{\"@type\":\"Organization\",\"@id\":\"https:\\\/\\\/ai-grid.org\\\/#organization\",\"name\":\"AI GRID\",\"url\":\"https:\\\/\\\/ai-grid.org\\\/\",\"logo\":{\"@type\":\"ImageObject\",\"inLanguage\":\"en-GB\",\"@id\":\"https:\\\/\\\/ai-grid.org\\\/#\\\/schema\\\/logo\\\/image\\\/\",\"url\":\"https:\\\/\\\/ai-grid.org\\\/wp-content\\\/uploads\\\/2024\\\/01\\\/220926_AIGrid_Logo_RGB-01-1920w.png\",\"contentUrl\":\"https:\\\/\\\/ai-grid.org\\\/wp-content\\\/uploads\\\/2024\\\/01\\\/220926_AIGrid_Logo_RGB-01-1920w.png\",\"width\":1920,\"height\":1008,\"caption\":\"AI GRID\"},\"image\":{\"@id\":\"https:\\\/\\\/ai-grid.org\\\/#\\\/schema\\\/logo\\\/image\\\/\"}}]}<\/script>\n<!-- \/ Yoast SEO plugin. -->","yoast_head_json":{"title":"Mitglieder - AI GRID","robots":{"index":"index","follow":"follow","max-snippet":"max-snippet:-1","max-image-preview":"max-image-preview:large","max-video-preview":"max-video-preview:-1"},"canonical":"https:\/\/aigrid-qlcxw4e9ng.live-website.com\/mitglieder\/","og_locale":"en_GB","og_type":"article","og_title":"Mitglieder - AI GRID","og_description":"Unsere Mitglieder Anmelden \u2192 AI Grid hat zum Ziel, Nachwuchswissenschaftler:innen im Bereich der K\u00fcnstlichen Intelligenz durch Kooperations- und Netzwerkaktivit\u00e4ten zu unterst\u00fctzen. Die ausgew\u00e4hlten Teilnehmer:innen, sogenannte \u201cAI Grid Members\u201d, werden in hochspezialisierten Mikro-Fachgemeinschaften (MFG) zusammengebracht, um den Austausch und Synergien in ihrem Fachgebiet zu verst\u00e4rken. Hier findest Du Beitr\u00e4ge und Interviews von unseren Mitgliedern, die ihre [&hellip;]","og_url":"https:\/\/aigrid-qlcxw4e9ng.live-website.com\/mitglieder\/","og_site_name":"AI GRID","article_modified_time":"2024-02-12T13:44:50+00:00","og_image":[{"url":"https:\/\/aigrid-qlcxw4e9ng.live-website.com\/wp-content\/uploads\/2024\/02\/Bildschirmfoto2024-01-16um11.54.38-2880w-1024x778.webp","type":"","width":"","height":""}],"twitter_card":"summary_large_image","twitter_misc":{"Estimated reading time":"1 minute"},"schema":{"@context":"https:\/\/schema.org","@graph":[{"@type":"WebPage","@id":"https:\/\/aigrid-qlcxw4e9ng.live-website.com\/mitglieder\/","url":"https:\/\/aigrid-qlcxw4e9ng.live-website.com\/mitglieder\/","name":"Mitglieder - AI GRID","isPartOf":{"@id":"https:\/\/ai-grid.org\/#website"},"primaryImageOfPage":{"@id":"https:\/\/aigrid-qlcxw4e9ng.live-website.com\/mitglieder\/#primaryimage"},"image":{"@id":"https:\/\/aigrid-qlcxw4e9ng.live-website.com\/mitglieder\/#primaryimage"},"thumbnailUrl":"https:\/\/ai-grid.org\/wp-content\/uploads\/2024\/02\/Bildschirmfoto2024-01-16um11.54.38-2880w-1024x778.webp","datePublished":"2024-01-29T10:30:25+00:00","dateModified":"2024-02-12T13:44:50+00:00","breadcrumb":{"@id":"https:\/\/aigrid-qlcxw4e9ng.live-website.com\/mitglieder\/#breadcrumb"},"inLanguage":"en-GB","potentialAction":[{"@type":"ReadAction","target":["https:\/\/aigrid-qlcxw4e9ng.live-website.com\/mitglieder\/"]}]},{"@type":"ImageObject","inLanguage":"en-GB","@id":"https:\/\/aigrid-qlcxw4e9ng.live-website.com\/mitglieder\/#primaryimage","url":"https:\/\/ai-grid.org\/wp-content\/uploads\/2024\/02\/Bildschirmfoto2024-01-16um11.54.38-2880w-1024x778.webp","contentUrl":"https:\/\/ai-grid.org\/wp-content\/uploads\/2024\/02\/Bildschirmfoto2024-01-16um11.54.38-2880w-1024x778.webp"},{"@type":"BreadcrumbList","@id":"https:\/\/aigrid-qlcxw4e9ng.live-website.com\/mitglieder\/#breadcrumb","itemListElement":[{"@type":"ListItem","position":1,"name":"Startseite","item":"https:\/\/ai-grid.org\/"},{"@type":"ListItem","position":2,"name":"Mitglieder"}]},{"@type":"WebSite","@id":"https:\/\/ai-grid.org\/#website","url":"https:\/\/ai-grid.org\/","name":"AI GRID","description":"Ein Netzwerk hochrangiger KI-Expert:innen","publisher":{"@id":"https:\/\/ai-grid.org\/#organization"},"potentialAction":[{"@type":"SearchAction","target":{"@type":"EntryPoint","urlTemplate":"https:\/\/ai-grid.org\/?s={search_term_string}"},"query-input":{"@type":"PropertyValueSpecification","valueRequired":true,"valueName":"search_term_string"}}],"inLanguage":"en-GB"},{"@type":"Organization","@id":"https:\/\/ai-grid.org\/#organization","name":"AI GRID","url":"https:\/\/ai-grid.org\/","logo":{"@type":"ImageObject","inLanguage":"en-GB","@id":"https:\/\/ai-grid.org\/#\/schema\/logo\/image\/","url":"https:\/\/ai-grid.org\/wp-content\/uploads\/2024\/01\/220926_AIGrid_Logo_RGB-01-1920w.png","contentUrl":"https:\/\/ai-grid.org\/wp-content\/uploads\/2024\/01\/220926_AIGrid_Logo_RGB-01-1920w.png","width":1920,"height":1008,"caption":"AI GRID"},"image":{"@id":"https:\/\/ai-grid.org\/#\/schema\/logo\/image\/"}}]}},"_links":{"self":[{"href":"https:\/\/ai-grid.org\/en\/wp-json\/wp\/v2\/pages\/1252","targetHints":{"allow":["GET"]}}],"collection":[{"href":"https:\/\/ai-grid.org\/en\/wp-json\/wp\/v2\/pages"}],"about":[{"href":"https:\/\/ai-grid.org\/en\/wp-json\/wp\/v2\/types\/page"}],"author":[{"embeddable":true,"href":"https:\/\/ai-grid.org\/en\/wp-json\/wp\/v2\/users\/1"}],"replies":[{"embeddable":true,"href":"https:\/\/ai-grid.org\/en\/wp-json\/wp\/v2\/comments?post=1252"}],"version-history":[{"count":31,"href":"https:\/\/ai-grid.org\/en\/wp-json\/wp\/v2\/pages\/1252\/revisions"}],"predecessor-version":[{"id":2503,"href":"https:\/\/ai-grid.org\/en\/wp-json\/wp\/v2\/pages\/1252\/revisions\/2503"}],"wp:attachment":[{"href":"https:\/\/ai-grid.org\/en\/wp-json\/wp\/v2\/media?parent=1252"}],"curies":[{"name":"wp","href":"https:\/\/api.w.org\/{rel}","templated":true}]}}